{"id":1085913,"date":"2024-02-28T08:59:36","date_gmt":"2024-02-28T07:59:36","guid":{"rendered":"https:\/\/www.hoteltriglavbled.si\/pravno-obvestilo\/"},"modified":"2024-03-14T13:30:27","modified_gmt":"2024-03-14T12:30:27","slug":"impressum","status":"publish","type":"page","link":"https:\/\/www.hoteltriglavbled.si\/de\/impressum\/","title":{"rendered":"Impressum"},"content":{"rendered":"<p>[et_pb_section fb_built=&#8220;1&#8243; custom_padding_last_edited=&#8220;on|phone&#8220; _builder_version=&#8220;4.24.0&#8243; _module_preset=&#8220;default&#8220; background_color=&#8220;#fff7ed&#8220; custom_padding=&#8220;50px||50px||true|false&#8220; custom_padding_tablet=&#8220;50px||50px||true|false&#8220; custom_padding_phone=&#8220;50px||50px||true|false&#8220; locked=&#8220;off&#8220; global_colors_info=&#8220;{}&#8220;][et_pb_row use_custom_gutter=&#8220;on&#8220; gutter_width=&#8220;1&#8243; _builder_version=&#8220;4.21.0&#8243; _module_preset=&#8220;default&#8220; width=&#8220;100%&#8220; max_width=&#8220;1100px&#8220; max_width_tablet=&#8220;90%&#8220; max_width_phone=&#8220;90%&#8220; max_width_last_edited=&#8220;on|desktop&#8220; custom_padding=&#8220;0px||0px||true|false&#8220; custom_css_main_element=&#8220;display: flex;&#8220; locked=&#8220;off&#8220; global_colors_info=&#8220;{}&#8220; custom_css_main_element_last_edited=&#8220;on|desktop&#8220; custom_css_main_element_phone=&#8220;display: block;&#8220; custom_css_main_element_tablet=&#8220;display: flex;&#8220;][et_pb_column type=&#8220;4_4&#8243; _builder_version=&#8220;4.21.0&#8243; _module_preset=&#8220;default&#8220; custom_padding=&#8220;|0px|||false|false&#8220; custom_padding_tablet=&#8220;|30px|||false|false&#8220; custom_padding_phone=&#8220;|0px|||false|false&#8220; custom_padding_last_edited=&#8220;off|desktop&#8220; custom_css_main_element=&#8220;margin: auto;&#8220; global_colors_info=&#8220;{}&#8220; custom_css_main_element_last_edited=&#8220;on|desktop&#8220; custom_css_main_element_tablet=&#8220;width: 80% !important;&#8220; custom_css_main_element_phone=&#8220; &#8222;][et_pb_text admin_label=&#8220;Impressum&#8220; _builder_version=&#8220;4.24.2&#8243; _module_preset=&#8220;default&#8220; text_font=&#8220;|600|||||||&#8220; text_text_color=&#8220;#225428&#8243; text_font_size=&#8220;18px&#8220; header_text_color=&#8220;#225428&#8243; header_2_font=&#8220;|700|||||||&#8220; header_2_text_align=&#8220;left&#8220; header_2_text_color=&#8220;#225428&#8243; header_2_font_size=&#8220;36px&#8220; header_2_letter_spacing=&#8220;-0.5px&#8220; header_2_line_height=&#8220;1.1em&#8220; text_font_size_tablet=&#8220;18px&#8220; text_font_size_phone=&#8220;18px&#8220; text_font_size_last_edited=&#8220;on|desktop&#8220; header_2_font_size_tablet=&#8220;32px&#8220; header_2_font_size_phone=&#8220;28px&#8220; header_2_font_size_last_edited=&#8220;on|phone&#8220; header_2_line_height_tablet=&#8220;1.1em&#8220; header_2_line_height_phone=&#8220;1.1em&#8220; header_2_line_height_last_edited=&#8220;on|desktop&#8220; global_colors_info=&#8220;{}&#8220;]<\/p>\n<h2>Impressum<\/h2>\n<p>[\/et_pb_text][\/et_pb_column][\/et_pb_row][et_pb_row _builder_version=&#8220;4.24.0&#8243; _module_preset=&#8220;default&#8220; global_colors_info=&#8220;{}&#8220;][et_pb_column type=&#8220;4_4&#8243; _builder_version=&#8220;4.24.0&#8243; _module_preset=&#8220;default&#8220; global_colors_info=&#8220;{}&#8220;][et_pb_text _builder_version=&#8220;4.24.2&#8243; _module_preset=&#8220;default&#8220; link_font=&#8220;||||on|||#225428|&#8220; link_text_color=&#8220;#225428&#8243; hover_enabled=&#8220;0&#8243; link_font_tablet=&#8220;||||on|||#225428|&#8220; link_font_phone=&#8220;||||on|||#225428|&#8220; link_font_last_edited=&#8220;on|desktop&#8220; global_colors_info=&#8220;{}&#8220; sticky_enabled=&#8220;0&#8243;]<\/p>\n<p><strong>Herausgeber, Anbieter und Betreiber<\/strong><br \/>HOTEL TRIGLAV BLED d.o.o.<br \/>Kolodvorska 33<br \/>SI-4260 Bled |Slowenien<br \/>+386 4 575 26 10&lt; br \/&gt;<a href=\"mailto:info@hoteltriglavbled.si\">info@hoteltriglavbled.si<\/a><\/p>\n<p><strong>Konzept, Design und Erstellung einer Website<\/strong><\/p>\n<p>FUTURO \u2013 INITIO d.o.o.<br \/>Brn\u010di\u010deva ulica 13<br \/>1231 Ljubljana \u2013 \u010crnu\u010de<br \/><a href=\"https:\/\/www.futuro.si\/\">www.futuro.si<\/a><br \/><a href=\"mailto:matej@futuro.si \">matej@futuro.si<\/a><br \/>+386 40 351 766<\/p>\n<p><strong>Fotos:<\/strong><br \/>Das Hotel Triglav hat das Vertriebsrecht f\u00fcr alle Foto- und Videomaterialien auf der Website. Die Autoren der Fotos sind: Imre Krenn, Matej Mi\u0161i\u010d, Jo\u0161t Gantar, Domen Bizjak, Alexandra Botvinovsakya, Tatsiana Navitskaya, Nejc Pernek, Borut \u017digon, Elliot Chau, Ricardo Braz, Georgia Fowkes, Matic Lipar, Krasi Gregson, Victoria Kokka, Glenn Huizinga, Vincent Tung, Boris Pretnar.<\/p>\n<p><strong>Nutzungsbedingungen<\/strong><br \/>Die Nutzung der Inhalte dieser Website ist kostenlos und dient ausschlie\u00dflich Informationszwecken. Die weitere Vorgehensweise zwischen Anbieter und Nutzer und der eventuelle sp\u00e4tere Abschluss von Vertr\u00e4gen zwischen Anbieter und Nutzer liegen ausschlie\u00dflich im Ermessen der Nutzer.<\/p>\n<p><strong>Urheberrecht \/ Haftungsausschluss<\/strong><br \/>Aufgrund der technischen Eigenschaften des Internets kann keine Garantie f\u00fcr die Authentizit\u00e4t, Richtigkeit und Vollst\u00e4ndigkeit der im Internet verf\u00fcgbaren Informationen \u00fcbernommen werden. Es besteht keine Gew\u00e4hr f\u00fcr die Verf\u00fcgbarkeit oder den Betrieb der jeweiligen Website und deren Inhalte.<br \/>Jede Haftung f\u00fcr direkte, indirekte oder sonstige Sch\u00e4den, gleich aus welcher Ursache, die durch die Nutzung oder Nichtverf\u00fcgbarkeit von Daten und Informationen auf dieser Website entstehen ist ausgeschlossen, soweit dies gesetzlich zul\u00e4ssig ist.<\/p>\n<p>Der Inhalt dieser Seite ist urheberrechtlich gesch\u00fctzt. Die Informationen sind nur f\u00fcr den pers\u00f6nlichen Gebrauch bestimmt. Jede dar\u00fcber hinausgehende Nutzung, insbesondere die Speicherung in Datenbanken, die Vervielf\u00e4ltigung und jede Form der kommerziellen Nutzung sowie die Weitergabe an Dritte \u2013 auch in Teilen oder in ver\u00e4nderter Form \u2013 ist ohne Zustimmung des Websiteinhabers untersagt.<\/p>\n<p>Hyperlinks zu dieser Website sind willkommen.<\/p>\n<p><strong>Datenschutzerkl\u00e4rung<\/strong><br \/>Soweit auf unseren Seiten personenbezogene Daten (beispielsweise Name, Anschrift oder E-Mail-Adressen) erhoben werden, erfolgt dies soweit m\u00f6glich stets auf freiwilliger Basis. Die Nutzung der Angebote und Dienste ist, soweit m\u00f6glich, stets ohne die \u00dcbermittlung personenbezogener Daten m\u00f6glich.<\/p>\n<p>Der Nutzung von im Rahmen der Impressumspflicht ver\u00f6ffentlichten Kontaktdaten durch Dritte zur \u00dcbersendung von nicht ausdr\u00fccklich angeforderter Werbung und Informationsmaterialien wird hiermit ausdr\u00fccklich widersprochen. Die Seitenbetreiber behalten sich ausdr\u00fccklich rechtliche Schritte im Falle der unverlangten Zusendung von Werbeinformationen, etwa durch Spam-Mails, vor.<\/p>\n<p><strong>Haftung f\u00fcr Links<\/strong><br \/>Dieser Blog enth\u00e4lt Links zu externen Webseiten Dritter, auf deren Inhalte wir keinen Einfluss haben. Deshalb k\u00f6nnen wir f\u00fcr diese fremden Inhalte auch keine Gew\u00e4hr \u00fcbernehmen. F\u00fcr die Inhalte der verlinkten Seiten ist stets der jeweilige Anbieter oder Betreiber der Seiten verantwortlich. Die verlinkten Seiten wurden zum Zeitpunkt der Verlinkung auf m\u00f6gliche Rechtsverst\u00f6\u00dfe \u00fcberpr\u00fcft. Rechtswidrige Inhalte waren zum Zeitpunkt der Verlinkung nicht erkennbar. Eine st\u00e4ndige inhaltliche Kontrolle der verlinkten Seiten ist jedoch ohne konkrete Anhaltspunkte einer Rechtsverletzung nicht angebracht. Bei Rechtsverst\u00f6\u00dfen werden wir derartige Links umgehend entfernen.<\/p>\n<p><strong>Google Analytics<\/strong><br \/>Diese Website nutzt Google Analytics, einen Webanalysedienst der Google Inc. (Google). Google Analytics verwendet sog. \u201eCookies\u201c, Textdateien, die auf Ihrem Computer gespeichert werden und die eine Analyse der Benutzung der Website durch Sie erm\u00f6glichen. Die durch den Cookie erzeugten Informationen \u00fcber Ihre Benutzung dieser Website werden in der Regel an einen Server von Google in den USA \u00fcbertragen und dort gespeichert.<\/p>\n<p>Im Falle der Aktivierung der IP-Anonymisierung auf dieser Website, wird Ihre IP-Adresse von Google jedoch innerhalb von Mitgliedstaaten der Europ\u00e4ischen Union oder in anderen Vertragsstaaten des Abkommens \u00fcber den Europ\u00e4ischen Wirtschaftsraum zuvor gek\u00fcrzt. Nur in Ausnahmef\u00e4llen wird die volle IP-Adresse an einen Server von Google in den USA \u00fcbertragen und dort gek\u00fcrzt. Auf dieser Website ist die IP-Anonymisierung aktiv. Im Auftrag des Betreibers dieser Website wird Google diese Daten benutzen, um Ihre Nutzung der Website auszuwerten, um Reports \u00fcber die Websiteaktivit\u00e4ten zusammenzustellen und um weitere mit der Websitenutzung und der Internetnutzung verbundene Dienstleistungen zu erbringen.<\/p>\n<p>Diese Website verwendet Retargeting-Technologien, um Ihre Website interessanter zu gestalten. Diese Technologie erm\u00f6glicht Internetnutzern, die sich bereits f\u00fcr unsere Produkte und Dienstleistungen interessiert haben, den Besuch der Websites unserer Partner.<\/p>\n<p>[\/et_pb_text][\/et_pb_column][\/et_pb_row][\/et_pb_section][et_pb_section fb_built=&#8220;1&#8243; custom_padding_last_edited=&#8220;off|desktop&#8220; _builder_version=&#8220;4.24.0&#8243; _module_preset=&#8220;default&#8220; background_color=&#8220;#225428&#8243; custom_padding=&#8220;0px||0px||true|false&#8220; custom_padding_tablet=&#8220;40px||40px||false|false&#8220; custom_padding_phone=&#8220;||50px||false|false&#8220; global_module=&#8220;1085902&#8243; locked=&#8220;off&#8220; global_colors_info=&#8220;{}&#8220;][et_pb_row column_structure=&#8220;2_5,3_5&#8243; use_custom_gutter=&#8220;on&#8220; gutter_width=&#8220;1&#8243; make_equal=&#8220;on&#8220; _builder_version=&#8220;4.24.0&#8243; _module_preset=&#8220;default&#8220; width=&#8220;100%&#8220; max_width=&#8220;100%&#8220; max_width_tablet=&#8220;100%&#8220; max_width_phone=&#8220;100%&#8220; max_width_last_edited=&#8220;on|tablet&#8220; custom_padding=&#8220;0px||0px||false|false&#8220; custom_css_main_element=&#8220;display: flex;&#8220; global_colors_info=&#8220;{}&#8220; custom_css_main_element_last_edited=&#8220;on|tablet&#8220; custom_css_main_element_phone=&#8220;display: block;&#8220; custom_css_main_element_tablet=&#8220;display: flex;&#8220;][et_pb_column type=&#8220;2_5&#8243; _builder_version=&#8220;4.24.0&#8243; _module_preset=&#8220;default&#8220; background_color=&#8220;#225428&#8243; custom_padding=&#8220;70px|60px|70px|60px|true|true&#8220; custom_padding_tablet=&#8220;40px|30px|40px|30px|true|false&#8220; custom_padding_phone=&#8220;50px|20px|40px|20px|false|true&#8220; custom_padding_last_edited=&#8220;on|desktop&#8220; global_colors_info=&#8220;{}&#8220; custom_css_main_element_last_edited=&#8220;on|phone&#8220; custom_css_main_element_phone=&#8220;width: 100% !Important;&#8220; custom_css_main_element_tablet=&#8220;width: 50% !important;&#8220;][et_pb_text _builder_version=&#8220;4.24.2&#8243; _module_preset=&#8220;default&#8220; header_2_font=&#8220;|700|||||||&#8220; header_2_text_align=&#8220;left&#8220; header_2_text_color=&#8220;#fff7ed&#8220; header_2_font_size=&#8220;36px&#8220; header_2_letter_spacing=&#8220;-0.5px&#8220; header_2_line_height=&#8220;1.1em&#8220; header_2_font_size_tablet=&#8220;32px&#8220; header_2_font_size_phone=&#8220;28px&#8220; header_2_font_size_last_edited=&#8220;on|phone&#8220; header_2_line_height_tablet=&#8220;1.1em&#8220; header_2_line_height_phone=&#8220;1.1em&#8220; header_2_line_height_last_edited=&#8220;on|desktop&#8220; locked=&#8220;off&#8220; global_colors_info=&#8220;{}&#8220;]<\/p>\n<h2>Komfortable Umgebung, Angenehme Atmosph\u00e4re<\/h2>\n<p>[\/et_pb_text][et_pb_button button_url=&#8220;https:\/\/maps.app.goo.gl\/58A2Pqr6c3oXGTrm7&#8243; url_new_window=&#8220;on&#8220; button_text=&#8220;Wo wir sind&#8220; _builder_version=&#8220;4.24.2&#8243; _module_preset=&#8220;default&#8220; custom_button=&#8220;on&#8220; button_text_size=&#8220;16px&#8220; button_text_color=&#8220;#fff7ed&#8220; button_bg_color=&#8220;RGBA(255,255,255,0)&#8220; button_border_color=&#8220;#fff7ed&#8220; button_border_radius=&#8220;50px&#8220; button_font=&#8220;|600|||||||&#8220; button_icon=&#8220;&#xf30b;||fa||900&#8243; custom_margin=&#8220;20px||||false|false&#8220; custom_margin_tablet=&#8220;20px||||false|false&#8220; custom_margin_phone=&#8220;15px||||false|false&#8220; custom_margin_last_edited=&#8220;on|phone&#8220; custom_padding=&#8220;6px|24px|6px|24px|true|true&#8220; button_text_size_tablet=&#8220;14px&#8220; button_text_size_phone=&#8220;14px&#8220; button_text_size_last_edited=&#8220;on|phone&#8220; locked=&#8220;off&#8220; global_colors_info=&#8220;{}&#8220; transform_styles__hover_enabled=&#8220;off|desktop&#8220; box_shadow_horizontal__hover_enabled=&#8220;on|hover&#8220; box_shadow_horizontal__hover=&#8220;0px&#8220; box_shadow_vertical__hover_enabled=&#8220;on|hover&#8220; box_shadow_vertical__hover=&#8220;0px&#8220; button_bg_color__hover_enabled=&#8220;on|hover&#8220; button_bg_color__hover=&#8220;#fff7ed&#8220; button_bg_enable_color__hover=&#8220;on&#8220; button_text_color__hover_enabled=&#8220;on|desktop&#8220; button_text_color__hover=&#8220;#00474c&#8220; custom_padding__hover_enabled=&#8220;on|desktop&#8220; custom_padding__hover=&#8220;|36px||20px|true|false&#8220;][\/et_pb_button][et_pb_social_media_follow icon_color=&#8220;#FFFFFF&#8220; use_icon_font_size=&#8220;on&#8220; icon_font_size_tablet=&#8220;16px&#8220; icon_font_size_phone=&#8220;20px&#8220; icon_font_size_last_edited=&#8220;on|desktop&#8220; _builder_version=&#8220;4.24.2&#8243; _module_preset=&#8220;default&#8220; text_orientation=&#8220;left&#8220; custom_margin=&#8220;90px||||false|false&#8220; custom_margin_tablet=&#8220;60px||||false|false&#8220; custom_margin_phone=&#8220;30px||||false|false&#8220; custom_margin_last_edited=&#8220;on|desktop&#8220; text_orientation_tablet=&#8220;left&#8220; text_orientation_phone=&#8220;left&#8220; text_orientation_last_edited=&#8220;on|desktop&#8220; border_radii=&#8220;on|50px|50px|50px|50px&#8220; locked=&#8220;off&#8220; global_colors_info=&#8220;{}&#8220;][et_pb_social_media_follow_network social_network=&#8220;facebook&#8220; url=&#8220;https:\/\/www.facebook.com\/hoteltriglavbled&#8220; _builder_version=&#8220;4.24.2&#8243; _module_preset=&#8220;default&#8220; background_color=&#8220;#3b5998&#8243; global_colors_info=&#8220;{}&#8220; follow_button=&#8220;off&#8220; url_new_window=&#8220;on&#8220;]facebook[\/et_pb_social_media_follow_network][et_pb_social_media_follow_network social_network=&#8220;instagram&#8220; url=&#8220;https:\/\/www.instagram.com\/hoteltriglavbled1906\/&#8220; _builder_version=&#8220;4.24.2&#8243; _module_preset=&#8220;default&#8220; background_color=&#8220;#ea2c59&#8243; global_colors_info=&#8220;{}&#8220; follow_button=&#8220;off&#8220; url_new_window=&#8220;on&#8220;]instagram[\/et_pb_social_media_follow_network][et_pb_social_media_follow_network social_network=&#8220;youtube&#8220; url=&#8220;https:\/\/www.youtube.com\/@hoteltriglavbled1906&#8243; _builder_version=&#8220;4.24.2&#8243; _module_preset=&#8220;default&#8220; background_color=&#8220;#a82400&#8243; global_colors_info=&#8220;{}&#8220; follow_button=&#8220;off&#8220; url_new_window=&#8220;on&#8220;]youtube[\/et_pb_social_media_follow_network][et_pb_social_media_follow_network social_network=&#8220;linkedin&#8220; url=&#8220;https:\/\/www.linkedin.com\/in\/hotel-triglav-bled-65108095\/&#8220; _builder_version=&#8220;4.24.2&#8243; _module_preset=&#8220;default&#8220; background_color=&#8220;#007bb6&#8243; global_colors_info=&#8220;{}&#8220; follow_button=&#8220;off&#8220; url_new_window=&#8220;on&#8220;]linkedin[\/et_pb_social_media_follow_network][\/et_pb_social_media_follow][et_pb_text _builder_version=&#8220;4.24.2&#8243; _module_preset=&#8220;default&#8220; text_font=&#8220;||||||||&#8220; text_text_color=&#8220;#fff7ed&#8220; link_text_color=&#8220;#FFF7ED&#8220; custom_margin=&#8220;20px||||false|false&#8220; custom_margin_tablet=&#8220;20px||||false|false&#8220; custom_margin_phone=&#8220;20px||||false|false&#8220; custom_margin_last_edited=&#8220;on|desktop&#8220; text_font_size_tablet=&#8220;16px&#8220; text_font_size_phone=&#8220;16px&#8220; text_font_size_last_edited=&#8220;on|desktop&#8220; global_colors_info=&#8220;{}&#8220;]<strong>Besuchen Sie uns:<\/strong> Kolodvorska 33, SI-4260 Bled, Slowenien<\/p>\n<p><strong>Rufen Sie uns an:<\/strong> 00386 (0)4 575 26 10<\/p>\n<p><strong>Schreiben Sie uns:<\/strong> <span>info@hoteltriglavbled.si<\/span>[\/et_pb_text][\/et_pb_column][et_pb_column type=&#8220;3_5&#8243; _builder_version=&#8220;4.24.0&#8243; _module_preset=&#8220;default&#8220; background_image=&#8220;https:\/\/www.hotel-triglav.eu\/wp-content\/uploads\/2023\/11\/4-hotel-triglav-bld-1920-1280-events-and-meetings-naslovna.jpg&#8220; background_position=&#8220;center_right&#8220; custom_padding_tablet=&#8220;|||0px|false|false&#8220; custom_padding_phone=&#8220;90px||90px|0px|true|false&#8220; custom_padding_last_edited=&#8220;on|phone&#8220; background_last_edited=&#8220;off|desktop&#8220; background_position_tablet=&#8220;center_right&#8220; background_horizontal_offset_tablet=&#8220;18%&#8220; global_colors_info=&#8220;{}&#8220; custom_css_main_element_last_edited=&#8220;on|phone&#8220; custom_css_main_element_phone=&#8220;width: 100% !Important;&#8220; custom_css_main_element_tablet=&#8220;width: 50% !important;&#8220;][et_pb_divider show_divider=&#8220;off&#8220; _builder_version=&#8220;4.17.4&#8243; _module_preset=&#8220;default&#8220; global_colors_info=&#8220;{}&#8220;][\/et_pb_divider][et_pb_code _builder_version=&#8220;4.24.2&#8243; _module_preset=&#8220;default&#8220; global_colors_info=&#8220;{}&#8220;]<script type=\"text\/javascript\" src=\"https:\/\/static.cubilis.eu\/js\/ratebox.bundle.js\"><\/script><!-- [et_pb_line_break_holder] --><script type=\"text\/javascript\"><!-- [et_pb_line_break_holder] -->    var rb = new Ratebox({<!-- [et_pb_line_break_holder] -->      IBEUrl: 'hotel-triglav-bled-bled',<!-- [et_pb_line_break_holder] -->      key: '98BD46CA-D05D-40A9-B4D5-6BD628573D73',<!-- [et_pb_line_break_holder] -->      locale: 'de'<!-- [et_pb_line_break_holder] -->    });<!-- [et_pb_line_break_holder] --><\/script>[\/et_pb_code][\/et_pb_column][\/et_pb_row][\/et_pb_section]<\/p>\n","protected":false},"excerpt":{"rendered":"<p>ImpressumHerausgeber, Anbieter und BetreiberHOTEL TRIGLAV BLED d.o.o.Kolodvorska 33SI-4260 Bled |Slowenien+386 4 575 26 10&lt; br \/&gt;info@hoteltriglavbled.si Konzept, Design und Erstellung einer Website FUTURO \u2013 INITIO d.o.o.Brn\u010di\u010deva ulica 131231 Ljubljana \u2013 \u010crnu\u010dewww.futuro.simatej@futuro.si+386 40 351 766 Fotos:Das Hotel Triglav hat das Vertriebsrecht f\u00fcr alle Foto- und Videomaterialien auf der Website. Die Autoren der Fotos sind: Imre Krenn, Matej Mi\u0161i\u010d, Jo\u0161t Gantar, Domen Bizjak, Alexandra Botvinovsakya, Tatsiana Navitskaya, Nejc Pernek, Borut \u017digon, Elliot Chau, Ricardo Braz, Georgia Fowkes, Matic Lipar, Krasi Gregson, Victoria Kokka, Glenn Huizinga, Vincent Tung, Boris Pretnar. NutzungsbedingungenDie Nutzung der Inhalte dieser Website ist kostenlos und dient ausschlie\u00dflich Informationszwecken. Die weitere Vorgehensweise zwischen Anbieter und Nutzer und der eventuelle sp\u00e4tere Abschluss von Vertr\u00e4gen zwischen Anbieter und Nutzer liegen ausschlie\u00dflich im Ermessen der Nutzer. Urheberrecht \/ HaftungsausschlussAufgrund der technischen Eigenschaften des Internets kann keine Garantie f\u00fcr die Authentizit\u00e4t, Richtigkeit und Vollst\u00e4ndigkeit der im Internet verf\u00fcgbaren Informationen \u00fcbernommen werden. Es besteht keine Gew\u00e4hr f\u00fcr die Verf\u00fcgbarkeit oder den Betrieb der jeweiligen Website und deren Inhalte.Jede Haftung f\u00fcr direkte, indirekte oder sonstige Sch\u00e4den, gleich aus welcher Ursache, die durch die Nutzung oder Nichtverf\u00fcgbarkeit von Daten und Informationen auf dieser Website entstehen ist ausgeschlossen, soweit dies gesetzlich zul\u00e4ssig ist. Der Inhalt dieser Seite ist [&hellip;]<\/p>\n","protected":false},"author":1,"featured_media":1085914,"parent":0,"menu_order":10,"comment_status":"closed","ping_status":"closed","template":"","meta":{"_et_pb_use_builder":"on","_et_pb_old_content":"","_et_gb_content_width":"","footnotes":""},"class_list":["post-1085913","page","type-page","status-publish","has-post-thumbnail","hentry"],"aioseo_notices":[],"_links":{"self":[{"href":"https:\/\/www.hoteltriglavbled.si\/de\/wp-json\/wp\/v2\/pages\/1085913","targetHints":{"allow":["GET"]}}],"collection":[{"href":"https:\/\/www.hoteltriglavbled.si\/de\/wp-json\/wp\/v2\/pages"}],"about":[{"href":"https:\/\/www.hoteltriglavbled.si\/de\/wp-json\/wp\/v2\/types\/page"}],"author":[{"embeddable":true,"href":"https:\/\/www.hoteltriglavbled.si\/de\/wp-json\/wp\/v2\/users\/1"}],"replies":[{"embeddable":true,"href":"https:\/\/www.hoteltriglavbled.si\/de\/wp-json\/wp\/v2\/comments?post=1085913"}],"version-history":[{"count":3,"href":"https:\/\/www.hoteltriglavbled.si\/de\/wp-json\/wp\/v2\/pages\/1085913\/revisions"}],"predecessor-version":[{"id":1085918,"href":"https:\/\/www.hoteltriglavbled.si\/de\/wp-json\/wp\/v2\/pages\/1085913\/revisions\/1085918"}],"wp:featuredmedia":[{"embeddable":true,"href":"https:\/\/www.hoteltriglavbled.si\/de\/wp-json\/wp\/v2\/media\/1085914"}],"wp:attachment":[{"href":"https:\/\/www.hoteltriglavbled.si\/de\/wp-json\/wp\/v2\/media?parent=1085913"}],"curies":[{"name":"wp","href":"https:\/\/api.w.org\/{rel}","templated":true}]}}