{"id":1086004,"date":"2024-02-04T09:53:21","date_gmt":"2024-02-04T08:53:21","guid":{"rendered":"https:\/\/www.hoteltriglavbled.si\/veranstaltungen-und-tagungen\/poslovna-srecanja\/"},"modified":"2024-03-14T15:07:08","modified_gmt":"2024-03-14T14:07:08","slug":"geschaeftstreffen","status":"publish","type":"page","link":"https:\/\/www.hoteltriglavbled.si\/de\/verantstaltungen-events\/geschaeftstreffen\/","title":{"rendered":"Gesch\u00e4ftstreffen"},"content":{"rendered":"<p>[et_pb_section fb_built=&#8220;1&#8243; custom_padding_last_edited=&#8220;on|phone&#8220; admin_label=&#8220;Gesch\u00e4ftstreffen &#8211; Header&#8220; _builder_version=&#8220;4.24.2&#8243; _module_preset=&#8220;default&#8220; background_color=&#8220;rgba(0,0,0,0.09)&#8220; background_image=&#8220;https:\/\/www.hotel-triglav.eu\/wp-content\/uploads\/2024\/02\/HOTEL-TRIGLAV-BLED-Poslovna-srecanja.jpg&#8220; background_blend=&#8220;overlay&#8220; custom_padding=&#8220;20vw||20vw||false|false&#8220; custom_padding_tablet=&#8220;20vw||20vw||false|false&#8220; custom_padding_phone=&#8220;20vw||20vw||false|false&#8220; border_radii=&#8220;off||||&#8220; collapsed=&#8220;off&#8220; global_colors_info=&#8220;{}&#8220;][et_pb_row _builder_version=&#8220;4.24.0&#8243; _module_preset=&#8220;default&#8220; max_width=&#8220;1800px&#8220; global_colors_info=&#8220;{}&#8220;][et_pb_column type=&#8220;4_4&#8243; _builder_version=&#8220;4.22.0&#8243; _module_preset=&#8220;default&#8220; global_colors_info=&#8220;{}&#8220;][et_pb_text admin_label=&#8220;Gesch\u00e4ftstreffen&#8220; _builder_version=&#8220;4.24.2&#8243; _module_preset=&#8220;default&#8220; header_font=&#8220;|600|||||||&#8220; header_text_color=&#8220;#FFF7ED&#8220; header_font_size=&#8220;76px&#8220; custom_margin=&#8220;||5px||false|false&#8220; custom_margin_tablet=&#8220;||20px||false|false&#8220; custom_margin_phone=&#8220;||10px||false|false&#8220; custom_margin_last_edited=&#8220;on|desktop&#8220; header_font_size_tablet=&#8220;50px&#8220; header_font_size_phone=&#8220;44px&#8220; header_font_size_last_edited=&#8220;on|phone&#8220; locked=&#8220;off&#8220; global_colors_info=&#8220;{}&#8220;]<\/p>\n<h1 style=\"text-align: center;\">Gesch\u00e4ftstreffen<\/h1>\n<p>[\/et_pb_text][\/et_pb_column][\/et_pb_row][\/et_pb_section][et_pb_section fb_built=&#8220;1&#8243; custom_padding_last_edited=&#8220;on|phone&#8220; _builder_version=&#8220;4.24.0&#8243; _module_preset=&#8220;default&#8220; background_color=&#8220;#fff7ed&#8220; custom_padding=&#8220;50px||50px||true|false&#8220; custom_padding_tablet=&#8220;50px||50px||true|false&#8220; custom_padding_phone=&#8220;50px||50px||true|false&#8220; locked=&#8220;off&#8220; global_colors_info=&#8220;{}&#8220;][et_pb_row use_custom_gutter=&#8220;on&#8220; gutter_width=&#8220;1&#8243; _builder_version=&#8220;4.21.0&#8243; _module_preset=&#8220;default&#8220; width=&#8220;100%&#8220; max_width=&#8220;1100px&#8220; max_width_tablet=&#8220;90%&#8220; max_width_phone=&#8220;90%&#8220; max_width_last_edited=&#8220;on|desktop&#8220; custom_padding=&#8220;0px||0px||true|false&#8220; custom_css_main_element=&#8220;display: flex;&#8220; locked=&#8220;off&#8220; global_colors_info=&#8220;{}&#8220; custom_css_main_element_last_edited=&#8220;on|desktop&#8220; custom_css_main_element_phone=&#8220;display: block;&#8220; custom_css_main_element_tablet=&#8220;display: flex;&#8220;][et_pb_column type=&#8220;4_4&#8243; _builder_version=&#8220;4.21.0&#8243; _module_preset=&#8220;default&#8220; custom_padding=&#8220;|0px|||false|false&#8220; custom_padding_tablet=&#8220;|30px|||false|false&#8220; custom_padding_phone=&#8220;|0px|||false|false&#8220; custom_padding_last_edited=&#8220;off|desktop&#8220; custom_css_main_element=&#8220;margin: auto;&#8220; global_colors_info=&#8220;{}&#8220; custom_css_main_element_last_edited=&#8220;on|desktop&#8220; custom_css_main_element_tablet=&#8220;width: 80% !important;&#8220; custom_css_main_element_phone=&#8220; &#8222;][et_pb_text admin_label=&#8220;Gesch\u00e4ftstreffen&#8220; _builder_version=&#8220;4.24.2&#8243; _module_preset=&#8220;default&#8220; text_font=&#8220;|600|||||||&#8220; text_text_color=&#8220;#225428&#8243; text_font_size=&#8220;18px&#8220; header_text_color=&#8220;#225428&#8243; header_2_font=&#8220;|700|||||||&#8220; header_2_text_align=&#8220;left&#8220; header_2_text_color=&#8220;#225428&#8243; header_2_font_size=&#8220;36px&#8220; header_2_letter_spacing=&#8220;-0.5px&#8220; header_2_line_height=&#8220;1.1em&#8220; text_font_size_tablet=&#8220;18px&#8220; text_font_size_phone=&#8220;18px&#8220; text_font_size_last_edited=&#8220;on|desktop&#8220; header_2_font_size_tablet=&#8220;32px&#8220; header_2_font_size_phone=&#8220;28px&#8220; header_2_font_size_last_edited=&#8220;on|phone&#8220; header_2_line_height_tablet=&#8220;1.1em&#8220; header_2_line_height_phone=&#8220;1.1em&#8220; header_2_line_height_last_edited=&#8220;on|desktop&#8220; global_colors_info=&#8220;{}&#8220;]<\/p>\n<h2>Gesch\u00e4ftstreffen<\/h2>\n<p>[\/et_pb_text][\/et_pb_column][\/et_pb_row][et_pb_row _builder_version=&#8220;4.24.0&#8243; _module_preset=&#8220;default&#8220; global_colors_info=&#8220;{}&#8220;][et_pb_column type=&#8220;4_4&#8243; _builder_version=&#8220;4.24.0&#8243; _module_preset=&#8220;default&#8220; global_colors_info=&#8220;{}&#8220;][et_pb_text _builder_version=&#8220;4.24.2&#8243; _module_preset=&#8220;default&#8220; link_font=&#8220;||||on|||#225428|&#8220; link_text_color=&#8220;#225428&#8243; hover_enabled=&#8220;0&#8243; link_font_tablet=&#8220;||||on|||#225428|&#8220; link_font_phone=&#8220;||||on|||#225428|&#8220; link_font_last_edited=&#8220;on|desktop&#8220; global_colors_info=&#8220;{}&#8220; sticky_enabled=&#8220;0&#8243;]<\/p>\n<p>Ruhige, private, nat\u00fcrliche Umgebung des Hotels Triglav bietet Ihnen eine einzigartige Gelegenheit f\u00fcr Ihr Seminar, Schulung, kreativen Workshop, Besprechung oder ma\u00dfgeschneiderte Gesch\u00e4ftsveranstaltung.<\/p>\n<p><strong>Die richtigen gesch\u00e4ftlichen Entscheidungen liegen in Ihrer Verantwortung, f\u00fcr die Exzellenz des Treffens sorgen wir.<\/strong><\/p>\n<p>Das Hotel Triglav und das Restaurant 1906 Bled k\u00f6nnen exklusiv f\u00fcr Sie reserviert werden. Die R\u00e4umlichkeiten eignen sich am besten f\u00fcr kleinere Gruppen, aber unabh\u00e4ngig von der Teilnehmerzahl passen wir uns Ihren W\u00fcnschen und Anforderungen an.<\/p>\n<p><strong>W\u00e4hlen Sie zwischen vier S\u00e4len im Hotel Triglav:<\/strong><\/p>\n<ul>\n<li><strong>Seminarsaal (Gruppen bis zu 16 Personen, Fl\u00e4che 36 m2)<\/strong><\/li>\n<li><strong>Raum mit Kamin (Gruppen bis zu 8 Personen, Fl\u00e4che 28 m2)<\/strong><\/li>\n<li><strong>Restaurant (Gruppen bis zu 50 Personen, Fl\u00e4che 90 m2)<\/strong><\/li>\n<li><strong>Weinklub (Gruppen bis zu 20 Personen, Fl\u00e4che 70 m2)<\/strong><\/li>\n<\/ul>\n<p><strong>Technische Ausstattung (bei Bedarf):<\/strong><\/p>\n<ul>\n<li>Leinwand<\/li>\n<li>Projektor<\/li>\n<li>Tonausr\u00fcstung<\/li>\n<li>Flipchart<\/li>\n<li>Pinnwand<\/li>\n<\/ul>\n<p><strong>Gastronomische Dienstleistungen:<\/strong><\/p>\n<ul>\n<li>Kaffeepausen mit herzhaften und s\u00fc\u00dfen Snacks<\/li>\n<li>Exzellente Arbeitsessen<\/li>\n<li>Feierliche Abendessen<\/li>\n<li>Weinbegleitung<\/li>\n<li>Verkostung slowenischer Weine im hoteleigenen Weinkeller<\/li>\n<li>Kulinarisches Teambuilding mit einer Gin-Twist-Workshop<\/li>\n<li>Unterhaltung nach Abschluss der offiziellen Arbeit<\/li>\n<\/ul>\n<p><strong>Hoteldienstleistungen:<\/strong><\/p>\n<p>Unterkunft in den Zimmern des Hotels Triglav inklusive Fr\u00fchst\u00fcck, uneingeschr\u00e4nkter Nutzung des Pools, der finnischen Sauna und eines Parkplatzes.<\/p>\n<p><strong>Bei \u00dcbernachtungen der Gruppe bieten wir Ihnen auch die kostenlose Nutzung des Tagungsraums.<\/strong><\/p>\n<p>Die zahlreichen R\u00e4ume im Hotel und verborgenen Ecken im Garten bieten Ihnen die M\u00f6glichkeit, sich von der Masse zur\u00fcckzuziehen, wo Sie mit kostenlosem WLAN ungest\u00f6rt Ihren Aufgaben nachgehen k\u00f6nnen.<\/p>\n<p>Die entspannende Naturumgebung nach getaner Arbeit k\u00f6nnen Sie mit stressabbauenden Triglav-Massagen abrunden, die f\u00fcr unsere gesch\u00e4ftlichen Hotelg\u00e4ste besonders vorteilhaft sind.<\/p>\n<p>[\/et_pb_text][et_pb_button button_url=&#8220;mailto:info@hoteltriglavbled.si&#8220; url_new_window=&#8220;on&#8220; button_text=&#8220;Nachfrage&#8220; _builder_version=&#8220;4.24.2&#8243; _module_preset=&#8220;default&#8220; custom_button=&#8220;on&#8220; button_text_size=&#8220;16px&#8220; button_text_color=&#8220;#225428&#8243; button_bg_color=&#8220;RGBA(255,255,255,0)&#8220; button_border_color=&#8220;#225428&#8243; button_border_radius=&#8220;50px&#8220; button_font=&#8220;Inter Tight|600|||||||&#8220; button_icon=&#8220;&#xf30b;||fa||900&#8243; transform_scale_last_edited=&#8220;off|desktop&#8220; transform_translate_last_edited=&#8220;off|desktop&#8220; transform_rotate_last_edited=&#8220;off|desktop&#8220; transform_skew_last_edited=&#8220;off|desktop&#8220; transform_origin_last_edited=&#8220;off|desktop&#8220; transform_styles_last_edited=&#8220;off|desktop&#8220; custom_margin=&#8220;||||false|false&#8220; custom_margin_tablet=&#8220;||||false|false&#8220; custom_margin_phone=&#8220;||||false|false&#8220; custom_margin_last_edited=&#8220;on|phone&#8220; custom_padding=&#8220;6px|24px|6px|24px|true|true&#8220; button_text_size_tablet=&#8220;14px&#8220; button_text_size_phone=&#8220;14px&#8220; button_text_size_last_edited=&#8220;on|tablet&#8220; locked=&#8220;off&#8220; global_colors_info=&#8220;{}&#8220; transform_styles__hover_enabled=&#8220;off|desktop&#8220; transform_scale__hover_enabled=&#8220;off|desktop&#8220; transform_translate__hover_enabled=&#8220;off|desktop&#8220; transform_rotate__hover_enabled=&#8220;off|desktop&#8220; transform_skew__hover_enabled=&#8220;off|desktop&#8220; transform_origin__hover_enabled=&#8220;off|desktop&#8220; box_shadow_horizontal__hover_enabled=&#8220;on|hover&#8220; box_shadow_horizontal__hover=&#8220;0px&#8220; box_shadow_vertical__hover_enabled=&#8220;on|hover&#8220; box_shadow_vertical__hover=&#8220;0px&#8220; transform_translate__hover=&#8220;-2px|-2px&#8220; button_bg_color__hover_enabled=&#8220;on|desktop&#8220; button_bg_color__hover=&#8220;#225428&#8243; button_bg_enable_color__hover=&#8220;on&#8220; button_text_color__hover_enabled=&#8220;on|hover&#8220; button_text_color__hover=&#8220;#FFFFFF&#8220; custom_padding__hover_enabled=&#8220;on|desktop&#8220; custom_padding__hover=&#8220;|36px||20px|true|false&#8220; button_custom_padding__hover=&#8220;|36px||20px|false|false&#8220; button_custom_padding__hover_enabled=&#8220;on|hover&#8220;][\/et_pb_button][\/et_pb_column][\/et_pb_row][et_pb_row use_custom_gutter=&#8220;on&#8220; gutter_width=&#8220;1&#8243; custom_padding_last_edited=&#8220;on|desktop&#8220; _builder_version=&#8220;4.24.1&#8243; _module_preset=&#8220;default&#8220; width=&#8220;100%&#8220; max_width=&#8220;1100px&#8220; max_width_tablet=&#8220;90%&#8220; max_width_phone=&#8220;90%&#8220; max_width_last_edited=&#8220;on|desktop&#8220; custom_padding=&#8220;||||true|false&#8220; custom_padding_tablet=&#8220;||||true|false&#8220; custom_padding_phone=&#8220;||||true|false&#8220; custom_css_main_element=&#8220;display: flex;&#8220; locked=&#8220;off&#8220; global_colors_info=&#8220;{}&#8220; custom_css_main_element_last_edited=&#8220;on|desktop&#8220; custom_css_main_element_phone=&#8220;display: block;&#8220; custom_css_main_element_tablet=&#8220;display: flex;&#8220;][et_pb_column type=&#8220;4_4&#8243; _builder_version=&#8220;4.21.0&#8243; _module_preset=&#8220;default&#8220; custom_padding=&#8220;|0px|||false|false&#8220; custom_padding_tablet=&#8220;|30px|||false|false&#8220; custom_padding_phone=&#8220;|0px|||false|false&#8220; custom_padding_last_edited=&#8220;off|desktop&#8220; custom_css_main_element=&#8220;margin: auto;&#8220; global_colors_info=&#8220;{}&#8220; custom_css_main_element_last_edited=&#8220;on|desktop&#8220; custom_css_main_element_tablet=&#8220;width: 80% !important;&#8220; custom_css_main_element_phone=&#8220; &#8222;][dsm_masonry_gallery gallery_ids=&#8220;327687,327688,327689,327690,327691,327692,327693,327694,327695&#8243; use_lightbox=&#8220;on&#8220; use_horizontal_order=&#8220;off&#8220; use_zoom_on_hover=&#8220;on&#8220; columns_tablet=&#8220;1&#8243; columns_phone=&#8220;1&#8243; columns_last_edited=&#8220;on|phone&#8220; _builder_version=&#8220;4.24.1&#8243; _module_preset=&#8220;default&#8220; global_colors_info=&#8220;{}&#8220;][\/dsm_masonry_gallery][\/et_pb_column][\/et_pb_row][\/et_pb_section][et_pb_section fb_built=&#8220;1&#8243; custom_padding_last_edited=&#8220;off|desktop&#8220; _builder_version=&#8220;4.24.0&#8243; _module_preset=&#8220;default&#8220; background_color=&#8220;#225428&#8243; custom_padding=&#8220;0px||0px||true|false&#8220; custom_padding_tablet=&#8220;40px||40px||false|false&#8220; custom_padding_phone=&#8220;||50px||false|false&#8220; global_module=&#8220;1085902&#8243; locked=&#8220;off&#8220; global_colors_info=&#8220;{}&#8220;][et_pb_row column_structure=&#8220;2_5,3_5&#8243; use_custom_gutter=&#8220;on&#8220; gutter_width=&#8220;1&#8243; make_equal=&#8220;on&#8220; _builder_version=&#8220;4.24.0&#8243; _module_preset=&#8220;default&#8220; width=&#8220;100%&#8220; max_width=&#8220;100%&#8220; max_width_tablet=&#8220;100%&#8220; max_width_phone=&#8220;100%&#8220; max_width_last_edited=&#8220;on|tablet&#8220; custom_padding=&#8220;0px||0px||false|false&#8220; custom_css_main_element=&#8220;display: flex;&#8220; global_colors_info=&#8220;{}&#8220; custom_css_main_element_last_edited=&#8220;on|tablet&#8220; custom_css_main_element_phone=&#8220;display: block;&#8220; custom_css_main_element_tablet=&#8220;display: flex;&#8220;][et_pb_column type=&#8220;2_5&#8243; _builder_version=&#8220;4.24.0&#8243; _module_preset=&#8220;default&#8220; background_color=&#8220;#225428&#8243; custom_padding=&#8220;70px|60px|70px|60px|true|true&#8220; custom_padding_tablet=&#8220;40px|30px|40px|30px|true|false&#8220; custom_padding_phone=&#8220;50px|20px|40px|20px|false|true&#8220; custom_padding_last_edited=&#8220;on|desktop&#8220; global_colors_info=&#8220;{}&#8220; custom_css_main_element_last_edited=&#8220;on|phone&#8220; custom_css_main_element_phone=&#8220;width: 100% !Important;&#8220; custom_css_main_element_tablet=&#8220;width: 50% !important;&#8220;][et_pb_text _builder_version=&#8220;4.24.2&#8243; _module_preset=&#8220;default&#8220; header_2_font=&#8220;|700|||||||&#8220; header_2_text_align=&#8220;left&#8220; header_2_text_color=&#8220;#fff7ed&#8220; header_2_font_size=&#8220;36px&#8220; header_2_letter_spacing=&#8220;-0.5px&#8220; header_2_line_height=&#8220;1.1em&#8220; header_2_font_size_tablet=&#8220;32px&#8220; header_2_font_size_phone=&#8220;28px&#8220; header_2_font_size_last_edited=&#8220;on|phone&#8220; header_2_line_height_tablet=&#8220;1.1em&#8220; header_2_line_height_phone=&#8220;1.1em&#8220; header_2_line_height_last_edited=&#8220;on|desktop&#8220; locked=&#8220;off&#8220; global_colors_info=&#8220;{}&#8220;]<\/p>\n<h2>Komfortable Umgebung, Angenehme Atmosph\u00e4re<\/h2>\n<p>[\/et_pb_text][et_pb_button button_url=&#8220;https:\/\/maps.app.goo.gl\/58A2Pqr6c3oXGTrm7&#8243; url_new_window=&#8220;on&#8220; button_text=&#8220;Wo wir sind&#8220; _builder_version=&#8220;4.24.2&#8243; _module_preset=&#8220;default&#8220; custom_button=&#8220;on&#8220; button_text_size=&#8220;16px&#8220; button_text_color=&#8220;#fff7ed&#8220; button_bg_color=&#8220;RGBA(255,255,255,0)&#8220; button_border_color=&#8220;#fff7ed&#8220; button_border_radius=&#8220;50px&#8220; button_font=&#8220;|600|||||||&#8220; button_icon=&#8220;&#xf30b;||fa||900&#8243; custom_margin=&#8220;20px||||false|false&#8220; custom_margin_tablet=&#8220;20px||||false|false&#8220; custom_margin_phone=&#8220;15px||||false|false&#8220; custom_margin_last_edited=&#8220;on|phone&#8220; custom_padding=&#8220;6px|24px|6px|24px|true|true&#8220; button_text_size_tablet=&#8220;14px&#8220; button_text_size_phone=&#8220;14px&#8220; button_text_size_last_edited=&#8220;on|phone&#8220; locked=&#8220;off&#8220; global_colors_info=&#8220;{}&#8220; transform_styles__hover_enabled=&#8220;off|desktop&#8220; box_shadow_horizontal__hover_enabled=&#8220;on|hover&#8220; box_shadow_horizontal__hover=&#8220;0px&#8220; box_shadow_vertical__hover_enabled=&#8220;on|hover&#8220; box_shadow_vertical__hover=&#8220;0px&#8220; button_bg_color__hover_enabled=&#8220;on|hover&#8220; button_bg_color__hover=&#8220;#fff7ed&#8220; button_bg_enable_color__hover=&#8220;on&#8220; button_text_color__hover_enabled=&#8220;on|desktop&#8220; button_text_color__hover=&#8220;#00474c&#8220; custom_padding__hover_enabled=&#8220;on|desktop&#8220; custom_padding__hover=&#8220;|36px||20px|true|false&#8220;][\/et_pb_button][et_pb_social_media_follow icon_color=&#8220;#FFFFFF&#8220; use_icon_font_size=&#8220;on&#8220; icon_font_size_tablet=&#8220;16px&#8220; icon_font_size_phone=&#8220;20px&#8220; icon_font_size_last_edited=&#8220;on|desktop&#8220; _builder_version=&#8220;4.24.2&#8243; _module_preset=&#8220;default&#8220; text_orientation=&#8220;left&#8220; custom_margin=&#8220;90px||||false|false&#8220; custom_margin_tablet=&#8220;60px||||false|false&#8220; custom_margin_phone=&#8220;30px||||false|false&#8220; custom_margin_last_edited=&#8220;on|desktop&#8220; text_orientation_tablet=&#8220;left&#8220; text_orientation_phone=&#8220;left&#8220; text_orientation_last_edited=&#8220;on|desktop&#8220; border_radii=&#8220;on|50px|50px|50px|50px&#8220; locked=&#8220;off&#8220; global_colors_info=&#8220;{}&#8220;][et_pb_social_media_follow_network social_network=&#8220;facebook&#8220; url=&#8220;https:\/\/www.facebook.com\/hoteltriglavbled&#8220; _builder_version=&#8220;4.24.2&#8243; _module_preset=&#8220;default&#8220; background_color=&#8220;#3b5998&#8243; global_colors_info=&#8220;{}&#8220; follow_button=&#8220;off&#8220; url_new_window=&#8220;on&#8220;]facebook[\/et_pb_social_media_follow_network][et_pb_social_media_follow_network social_network=&#8220;instagram&#8220; url=&#8220;https:\/\/www.instagram.com\/hoteltriglavbled1906\/&#8220; _builder_version=&#8220;4.24.2&#8243; _module_preset=&#8220;default&#8220; background_color=&#8220;#ea2c59&#8243; global_colors_info=&#8220;{}&#8220; follow_button=&#8220;off&#8220; url_new_window=&#8220;on&#8220;]instagram[\/et_pb_social_media_follow_network][et_pb_social_media_follow_network social_network=&#8220;youtube&#8220; url=&#8220;https:\/\/www.youtube.com\/@hoteltriglavbled1906&#8243; _builder_version=&#8220;4.24.2&#8243; _module_preset=&#8220;default&#8220; background_color=&#8220;#a82400&#8243; global_colors_info=&#8220;{}&#8220; follow_button=&#8220;off&#8220; url_new_window=&#8220;on&#8220;]youtube[\/et_pb_social_media_follow_network][et_pb_social_media_follow_network social_network=&#8220;linkedin&#8220; url=&#8220;https:\/\/www.linkedin.com\/in\/hotel-triglav-bled-65108095\/&#8220; _builder_version=&#8220;4.24.2&#8243; _module_preset=&#8220;default&#8220; background_color=&#8220;#007bb6&#8243; global_colors_info=&#8220;{}&#8220; follow_button=&#8220;off&#8220; url_new_window=&#8220;on&#8220;]linkedin[\/et_pb_social_media_follow_network][\/et_pb_social_media_follow][et_pb_text _builder_version=&#8220;4.24.2&#8243; _module_preset=&#8220;default&#8220; text_font=&#8220;||||||||&#8220; text_text_color=&#8220;#fff7ed&#8220; link_text_color=&#8220;#FFF7ED&#8220; custom_margin=&#8220;20px||||false|false&#8220; custom_margin_tablet=&#8220;20px||||false|false&#8220; custom_margin_phone=&#8220;20px||||false|false&#8220; custom_margin_last_edited=&#8220;on|desktop&#8220; text_font_size_tablet=&#8220;16px&#8220; text_font_size_phone=&#8220;16px&#8220; text_font_size_last_edited=&#8220;on|desktop&#8220; global_colors_info=&#8220;{}&#8220;]<strong>Besuchen Sie uns:<\/strong> Kolodvorska 33, SI-4260 Bled, Slowenien<\/p>\n<p><strong>Rufen Sie uns an:<\/strong> 00386 (0)4 575 26 10<\/p>\n<p><strong>Schreiben Sie uns:<\/strong> <span>info@hoteltriglavbled.si<\/span>[\/et_pb_text][\/et_pb_column][et_pb_column type=&#8220;3_5&#8243; _builder_version=&#8220;4.24.0&#8243; _module_preset=&#8220;default&#8220; background_image=&#8220;https:\/\/www.hotel-triglav.eu\/wp-content\/uploads\/2023\/11\/4-hotel-triglav-bld-1920-1280-events-and-meetings-naslovna.jpg&#8220; background_position=&#8220;center_right&#8220; custom_padding_tablet=&#8220;|||0px|false|false&#8220; custom_padding_phone=&#8220;90px||90px|0px|true|false&#8220; custom_padding_last_edited=&#8220;on|phone&#8220; background_last_edited=&#8220;off|desktop&#8220; background_position_tablet=&#8220;center_right&#8220; background_horizontal_offset_tablet=&#8220;18%&#8220; global_colors_info=&#8220;{}&#8220; custom_css_main_element_last_edited=&#8220;on|phone&#8220; custom_css_main_element_phone=&#8220;width: 100% !Important;&#8220; custom_css_main_element_tablet=&#8220;width: 50% !important;&#8220;][et_pb_divider show_divider=&#8220;off&#8220; _builder_version=&#8220;4.17.4&#8243; _module_preset=&#8220;default&#8220; global_colors_info=&#8220;{}&#8220;][\/et_pb_divider][et_pb_code _builder_version=&#8220;4.24.2&#8243; _module_preset=&#8220;default&#8220; global_colors_info=&#8220;{}&#8220;]<script type=\"text\/javascript\" src=\"https:\/\/static.cubilis.eu\/js\/ratebox.bundle.js\"><\/script><!-- [et_pb_line_break_holder] --><script type=\"text\/javascript\"><!-- [et_pb_line_break_holder] -->    var rb = new Ratebox({<!-- [et_pb_line_break_holder] -->      IBEUrl: 'hotel-triglav-bled-bled',<!-- [et_pb_line_break_holder] -->      key: '98BD46CA-D05D-40A9-B4D5-6BD628573D73',<!-- [et_pb_line_break_holder] -->      locale: 'de'<!-- [et_pb_line_break_holder] -->    });<!-- [et_pb_line_break_holder] --><\/script>[\/et_pb_code][\/et_pb_column][\/et_pb_row][\/et_pb_section]<\/p>\n","protected":false},"excerpt":{"rendered":"<p>Gesch\u00e4ftstreffenGesch\u00e4ftstreffenRuhige, private, nat\u00fcrliche Umgebung des Hotels Triglav bietet Ihnen eine einzigartige Gelegenheit f\u00fcr Ihr Seminar, Schulung, kreativen Workshop, Besprechung oder ma\u00dfgeschneiderte Gesch\u00e4ftsveranstaltung. Die richtigen gesch\u00e4ftlichen Entscheidungen liegen in Ihrer Verantwortung, f\u00fcr die Exzellenz des Treffens sorgen wir. Das Hotel Triglav und das Restaurant 1906 Bled k\u00f6nnen exklusiv f\u00fcr Sie reserviert werden. Die R\u00e4umlichkeiten eignen sich am besten f\u00fcr kleinere Gruppen, aber unabh\u00e4ngig von der Teilnehmerzahl passen wir uns Ihren W\u00fcnschen und Anforderungen an. W\u00e4hlen Sie zwischen vier S\u00e4len im Hotel Triglav: Seminarsaal (Gruppen bis zu 16 Personen, Fl\u00e4che 36 m2) Raum mit Kamin (Gruppen bis zu 8 Personen, Fl\u00e4che 28 m2) Restaurant (Gruppen bis zu 50 Personen, Fl\u00e4che 90 m2) Weinklub (Gruppen bis zu 20 Personen, Fl\u00e4che 70 m2) Technische Ausstattung (bei Bedarf): Leinwand Projektor Tonausr\u00fcstung Flipchart Pinnwand Gastronomische Dienstleistungen: Kaffeepausen mit herzhaften und s\u00fc\u00dfen Snacks Exzellente Arbeitsessen Feierliche Abendessen Weinbegleitung Verkostung slowenischer Weine im hoteleigenen Weinkeller Kulinarisches Teambuilding mit einer Gin-Twist-Workshop Unterhaltung nach Abschluss der offiziellen Arbeit Hoteldienstleistungen: Unterkunft in den Zimmern des Hotels Triglav inklusive Fr\u00fchst\u00fcck, uneingeschr\u00e4nkter Nutzung des Pools, der finnischen Sauna und eines Parkplatzes. Bei \u00dcbernachtungen der Gruppe bieten wir Ihnen auch die kostenlose Nutzung des Tagungsraums. Die zahlreichen R\u00e4ume im Hotel und verborgenen Ecken im [&hellip;]<\/p>\n","protected":false},"author":1,"featured_media":1086005,"parent":1085960,"menu_order":6,"comment_status":"closed","ping_status":"closed","template":"","meta":{"_et_pb_use_builder":"on","_et_pb_old_content":"","_et_gb_content_width":"","footnotes":""},"class_list":["post-1086004","page","type-page","status-publish","has-post-thumbnail","hentry"],"aioseo_notices":[],"_links":{"self":[{"href":"https:\/\/www.hoteltriglavbled.si\/de\/wp-json\/wp\/v2\/pages\/1086004","targetHints":{"allow":["GET"]}}],"collection":[{"href":"https:\/\/www.hoteltriglavbled.si\/de\/wp-json\/wp\/v2\/pages"}],"about":[{"href":"https:\/\/www.hoteltriglavbled.si\/de\/wp-json\/wp\/v2\/types\/page"}],"author":[{"embeddable":true,"href":"https:\/\/www.hoteltriglavbled.si\/de\/wp-json\/wp\/v2\/users\/1"}],"replies":[{"embeddable":true,"href":"https:\/\/www.hoteltriglavbled.si\/de\/wp-json\/wp\/v2\/comments?post=1086004"}],"version-history":[{"count":3,"href":"https:\/\/www.hoteltriglavbled.si\/de\/wp-json\/wp\/v2\/pages\/1086004\/revisions"}],"predecessor-version":[{"id":1086009,"href":"https:\/\/www.hoteltriglavbled.si\/de\/wp-json\/wp\/v2\/pages\/1086004\/revisions\/1086009"}],"up":[{"embeddable":true,"href":"https:\/\/www.hoteltriglavbled.si\/de\/wp-json\/wp\/v2\/pages\/1085960"}],"wp:featuredmedia":[{"embeddable":true,"href":"https:\/\/www.hoteltriglavbled.si\/de\/wp-json\/wp\/v2\/media\/1086005"}],"wp:attachment":[{"href":"https:\/\/www.hoteltriglavbled.si\/de\/wp-json\/wp\/v2\/media?parent=1086004"}],"curies":[{"name":"wp","href":"https:\/\/api.w.org\/{rel}","templated":true}]}}