{"id":1086759,"date":"2024-10-04T11:13:37","date_gmt":"2024-10-04T09:13:37","guid":{"rendered":"https:\/\/www.hoteltriglavbled.si\/sonderangebot\/silvestrski-paket-v-hotelu-triglav-bled\/"},"modified":"2025-12-12T17:25:49","modified_gmt":"2025-12-12T16:25:49","slug":"silvesterpaket-im-hotel-triglav-bled","status":"publish","type":"page","link":"https:\/\/www.hoteltriglavbled.si\/de\/sonderangebot\/silvesterpaket-im-hotel-triglav-bled\/","title":{"rendered":"Silvesterpaket"},"content":{"rendered":"<p>[et_pb_section fb_built=&#8220;1&#8243; custom_padding_last_edited=&#8220;on|phone&#8220; admin_label=&#8220;Header&#8220; _builder_version=&#8220;4.27.2&#8243; _module_preset=&#8220;default&#8220; background_color=&#8220;rgba(0,0,0,0.09)&#8220; background_image=&#8220;https:\/\/www.hoteltriglavbled.si\/wp-content\/uploads\/2024\/10\/HOTEL-TRIGLAV-BLED-Novo-leto.webp&#8220; background_position=&#8220;top_center&#8220; background_blend=&#8220;overlay&#8220; custom_padding=&#8220;20vw||20vw||false|false&#8220; custom_padding_tablet=&#8220;20vw||20vw||false|false&#8220; custom_padding_phone=&#8220;20vw||20vw||false|false&#8220; border_radii=&#8220;off||||&#8220; collapsed=&#8220;off&#8220; global_colors_info=&#8220;{}&#8220;][\/et_pb_section][et_pb_section fb_built=&#8220;1&#8243; custom_padding_last_edited=&#8220;on|phone&#8220; _builder_version=&#8220;4.24.0&#8243; _module_preset=&#8220;default&#8220; background_color=&#8220;#fff7ed&#8220; custom_padding=&#8220;50px||50px||true|false&#8220; custom_padding_tablet=&#8220;50px||50px||true|false&#8220; custom_padding_phone=&#8220;50px||50px||true|false&#8220; locked=&#8220;off&#8220; global_colors_info=&#8220;{}&#8220;][et_pb_row use_custom_gutter=&#8220;on&#8220; gutter_width=&#8220;1&#8243; _builder_version=&#8220;4.21.0&#8243; _module_preset=&#8220;default&#8220; width=&#8220;100%&#8220; max_width=&#8220;1100px&#8220; max_width_tablet=&#8220;90%&#8220; max_width_phone=&#8220;90%&#8220; max_width_last_edited=&#8220;on|desktop&#8220; custom_padding=&#8220;0px||0px||true|false&#8220; custom_css_main_element=&#8220;display: flex;&#8220; locked=&#8220;off&#8220; global_colors_info=&#8220;{}&#8220; custom_css_main_element_last_edited=&#8220;on|desktop&#8220; custom_css_main_element_phone=&#8220;display: block;&#8220; custom_css_main_element_tablet=&#8220;display: flex;&#8220;][et_pb_column type=&#8220;4_4&#8243; _builder_version=&#8220;4.21.0&#8243; _module_preset=&#8220;default&#8220; custom_padding=&#8220;|0px|||false|false&#8220; custom_padding_tablet=&#8220;|30px|||false|false&#8220; custom_padding_phone=&#8220;|0px|||false|false&#8220; custom_padding_last_edited=&#8220;off|desktop&#8220; custom_css_main_element=&#8220;margin: auto;&#8220; global_colors_info=&#8220;{}&#8220; custom_css_main_element_last_edited=&#8220;on|desktop&#8220; custom_css_main_element_tablet=&#8220;width: 80% !important;&#8220; custom_css_main_element_phone=&#8220; &#8222;][et_pb_text admin_label=&#8220;Silvestrski paket v Hotelu Triglav Bled &#8220; _builder_version=&#8220;4.27.2&#8243; _module_preset=&#8220;default&#8220; header_font=&#8220;|600|||||||&#8220; header_text_color=&#8220;#225428&#8243; header_font_size=&#8220;76px&#8220; custom_margin=&#8220;||25px||false|false&#8220; custom_margin_tablet=&#8220;||20px||false|false&#8220; custom_margin_phone=&#8220;||10px||false|false&#8220; custom_margin_last_edited=&#8220;on|phone&#8220; header_font_size_tablet=&#8220;50px&#8220; header_font_size_phone=&#8220;44px&#8220; header_font_size_last_edited=&#8220;on|phone&#8220; locked=&#8220;off&#8220; global_colors_info=&#8220;{}&#8220;]<\/p>\n<h1 style=\"text-align: center;\">Silvesterpaket im Hotel Triglav Bled <\/h1>\n<h3 style=\"text-align: center;\">Beginnen Sie das neue Jahr mit Stil, Luxus und atemberaubenden Ausblicken <\/h3>\n<p>[\/et_pb_text][et_pb_text admin_label=&#8220;Text&#8220; _builder_version=&#8220;4.27.2&#8243; _module_preset=&#8220;default&#8220; text_font=&#8220;|600|||||||&#8220; text_text_color=&#8220;#225428&#8243; text_font_size=&#8220;18px&#8220; header_text_color=&#8220;#225428&#8243; header_2_font=&#8220;|700|||||||&#8220; header_2_text_align=&#8220;left&#8220; header_2_text_color=&#8220;#225428&#8243; header_2_font_size=&#8220;36px&#8220; header_2_letter_spacing=&#8220;-0.5px&#8220; header_2_line_height=&#8220;1.1em&#8220; text_font_size_tablet=&#8220;18px&#8220; text_font_size_phone=&#8220;18px&#8220; text_font_size_last_edited=&#8220;on|desktop&#8220; header_2_font_size_tablet=&#8220;32px&#8220; header_2_font_size_phone=&#8220;28px&#8220; header_2_font_size_last_edited=&#8220;on|phone&#8220; header_2_line_height_tablet=&#8220;1.1em&#8220; header_2_line_height_phone=&#8220;1.1em&#8220; header_2_line_height_last_edited=&#8220;on|desktop&#8220; global_colors_info=&#8220;{}&#8220;]<\/p>\n<p style=\"text-align: justify;\"><strong>Begr\u00fc\u00dfen Sie das Jahr 2026 in der magischen Atmosph\u00e4re des Hotel Triglav Bled, <\/strong>wo Eleganz auf Komfort trifft und der atemberaubende Blick auf den Bleder See den Rahmen f\u00fcr eine unvergessliche Feier bietet. Unser exklusives Silvesterpaket ist ideal f\u00fcr alle, die Entspannung, erstklassige Gastronomie und einen perfekten Start ins neue Jahr suchen.<\/p>\n<p style=\"text-align: justify;\">Das Paket ist bei einem<strong> Mindestaufenthalt von 3 N\u00e4chten von 26.Dez. bis 2.Jan verf\u00fcgbar <\/strong>und beinhaltet:<\/p>\n<ul style=\"text-align: justify;\">\n<li><strong>\u00dcbernachtung <\/strong>in einem ausgew\u00e4hlten Zimmer<\/li>\n<li><strong>A la carte Fr\u00fchst\u00fcck <\/strong><\/li>\n<li><strong>Silvestergaladinner <\/strong>am 31.12.2025<\/li>\n<li><strong>Unbegrenzter Zugang <\/strong>zum Pool und zur finnischen Sauna<\/li>\n<li><strong>Wellnessbereich ge\u00f6ffnet bis 1:00 Uhr <\/strong>in der Silvesternacht<\/li>\n<li><strong>10% Rabatt <\/strong>auf alle Massagen<\/li>\n<li><strong>Neujahrsgeschenk <\/strong><\/li>\n<\/ul>\n<p>&nbsp;<\/p>\n<p>\ud83e\udd42Am 31. Dezember erwartet Sie ein exklusives Silvester-Gala-Dinner, das K\u00fcchenchef Ale\u0161 Fende speziell f\u00fcr Sie kreiert hat. Im Anschluss k\u00f6nnen Sie sich in unserem Wellnessbereich entspannen, der bis 1:00 Uhr ge\u00f6ffnet ist. Starten Sie luxuri\u00f6s und entspannt ins Jahr 2026 am malerischen Bleder See. \u2728<\/p>\n<p>Sie k\u00f6nnen auch nur das Dinner oder Silvester ohne \u00dcbernachtung buchen. Der Abend beginnt mit Sekt und einem entspannten Empfang, gefolgt von einem eigens f\u00fcr diesen besonderen Anlass kreierten Men\u00fc, begleitet von erlesenen Weinen und Live-Musik.<\/p>\n<p>Nach dem Dinner k\u00f6nnen Sie Silvester im Zentrum von Bled feiern oder den Abend im hoteleigenen Wellnessbereich ausklingen lassen, der bis 1:00 Uhr ge\u00f6ffnet ist. Wir runden Ihr Silvestererlebnis mit einer Flasche Sekt und einem kleinen Neujahrsgeschenk ab, das Ihnen in Erinnerung bleiben wird.<\/p>\n<p>Der Preis von 299,- EUR pro Person beinhaltet ein Abendessen mit Wein, eine Flasche Sekt, ein Neujahrsgeschenk und die M\u00f6glichkeit, den Wellnessbereich des Hotels bis 1:00 Uhr zu nutzen.<\/p>\n<h1>Silvestermen\u00fc<\/h1>\n<p><em>Gr\u00fc\u00dfe aus der K\u00fcche<\/em><\/p>\n<p><strong>Fermentierte Pflaumenbutter | G\u00e4nseleber mit Mandeln, Gerstenbrot<\/strong><\/p>\n<p><em>Kalte Vorspeise<\/em><\/p>\n<p><strong>Capesanta | Algen, Muschelsauce<\/strong><\/p>\n<p><em>Warme Vorspeise<\/em><\/p>\n<p><strong>Schwarzer Seehecht | Shiitake-Duxelles mit schwarzem Knoblauch, Dashy-Sauce, Zitronengras<\/strong><\/p>\n<p><em>Warme Vorspeise<\/em><\/p>\n<p><strong>Iberico | Winterkartoffelkuchen mit Grieben, Apfelvelout\u00e9, Schnittlauch<\/strong><\/p>\n<p><em>Fleischgericht<\/em><\/p>\n<p><strong>Ger\u00e4ucherter Venezianischer Lendenbraten | Topinambur, Himbeeren, Schweinshaxensauce<\/strong><\/p>\n<p><em>Dessert<\/em><\/p>\n<p><strong>S\u00fc\u00dfer Apfel | Gesalzenes Karamell<\/strong><\/p>\n<p>&nbsp;<\/p>\n<p style=\"text-align: justify;\"><span style=\"font-size: 18px;\">Wir nehmen Reservierungen unter <\/span><strong style=\"font-size: 18px;\">info@hoteltriglavbled.si<\/strong><span style=\"font-size: 18px;\"> und <\/span><strong style=\"font-size: 18px;\">+386 4 575 26 10<\/strong><span style=\"font-size: 18px;\"> entgegen<\/span><\/p>\n<p style=\"text-align: justify;\"><a href=\"https:\/\/reservations.cubilis.eu\/hotel-triglav-bled-bled?Language=de-DE&amp;Package=14000\"><strong>Begrenzte Verf\u00fcgbarkeit<\/strong>\u2014reservieren Sie<\/a> jetzt und beginnen Sie das neue Jahr erfrischt und erholt!<\/p>\n<p>[\/et_pb_text][et_pb_button button_url=&#8220;https:\/\/reservations.cubilis.eu\/hotel-triglav-bled-bled?Language=de-DE&#038;Package=14000&#8243; url_new_window=&#8220;on&#8220; button_text=&#8220;Jetzt buchen&#8220; admin_label=&#8220;Jetzt buchen&#8220; _builder_version=&#8220;4.27.2&#8243; _module_preset=&#8220;default&#8220; custom_button=&#8220;on&#8220; button_text_size=&#8220;16px&#8220; button_text_color=&#8220;#225428&#8243; button_bg_color=&#8220;RGBA(255,255,255,0)&#8220; button_border_color=&#8220;#225428&#8243; button_border_radius=&#8220;50px&#8220; button_font=&#8220;Inter Tight|600|||||||&#8220; button_icon=&#8220;&#xf30b;||fa||900&#8243; transform_scale_last_edited=&#8220;off|desktop&#8220; transform_translate_last_edited=&#8220;off|desktop&#8220; transform_rotate_last_edited=&#8220;off|desktop&#8220; transform_skew_last_edited=&#8220;off|desktop&#8220; transform_origin_last_edited=&#8220;off|desktop&#8220; transform_styles_last_edited=&#8220;off|desktop&#8220; custom_margin=&#8220;25px||||false|false&#8220; custom_margin_tablet=&#8220;||||false|false&#8220; custom_margin_phone=&#8220;||||false|false&#8220; custom_margin_last_edited=&#8220;on|phone&#8220; custom_padding=&#8220;6px|24px|6px|24px|true|true&#8220; button_text_size_tablet=&#8220;14px&#8220; button_text_size_phone=&#8220;14px&#8220; button_text_size_last_edited=&#8220;on|tablet&#8220; locked=&#8220;off&#8220; global_colors_info=&#8220;{}&#8220; transform_styles__hover_enabled=&#8220;off|desktop&#8220; transform_scale__hover_enabled=&#8220;off|desktop&#8220; transform_translate__hover_enabled=&#8220;off|desktop&#8220; transform_rotate__hover_enabled=&#8220;off|desktop&#8220; transform_skew__hover_enabled=&#8220;off|desktop&#8220; transform_origin__hover_enabled=&#8220;off|desktop&#8220; box_shadow_horizontal__hover_enabled=&#8220;on|hover&#8220; box_shadow_horizontal__hover=&#8220;0px&#8220; box_shadow_vertical__hover_enabled=&#8220;on|hover&#8220; box_shadow_vertical__hover=&#8220;0px&#8220; transform_translate__hover=&#8220;-2px|-2px&#8220; button_bg_color__hover_enabled=&#8220;on|desktop&#8220; button_bg_color__hover=&#8220;#225428&#8243; button_bg_enable_color__hover=&#8220;on&#8220; button_text_color__hover_enabled=&#8220;on|hover&#8220; button_text_color__hover=&#8220;#FFFFFF&#8220; custom_padding__hover_enabled=&#8220;on|desktop&#8220; custom_padding__hover=&#8220;|36px||20px|true|false&#8220; button_custom_padding__hover=&#8220;|36px||20px|false|false&#8220; button_custom_padding__hover_enabled=&#8220;on|hover&#8220;][\/et_pb_button][\/et_pb_column][\/et_pb_row][\/et_pb_section][et_pb_section fb_built=&#8220;1&#8243; custom_padding_last_edited=&#8220;off|desktop&#8220; _builder_version=&#8220;4.24.0&#8243; _module_preset=&#8220;default&#8220; background_color=&#8220;#225428&#8243; custom_padding=&#8220;0px||0px||true|false&#8220; custom_padding_tablet=&#8220;40px||40px||false|false&#8220; custom_padding_phone=&#8220;||50px||false|false&#8220; global_module=&#8220;1085902&#8243; locked=&#8220;off&#8220; global_colors_info=&#8220;{}&#8220;][et_pb_row column_structure=&#8220;2_5,3_5&#8243; use_custom_gutter=&#8220;on&#8220; gutter_width=&#8220;1&#8243; make_equal=&#8220;on&#8220; _builder_version=&#8220;4.24.0&#8243; _module_preset=&#8220;default&#8220; width=&#8220;100%&#8220; max_width=&#8220;100%&#8220; max_width_tablet=&#8220;100%&#8220; max_width_phone=&#8220;100%&#8220; max_width_last_edited=&#8220;on|tablet&#8220; custom_padding=&#8220;0px||0px||false|false&#8220; custom_css_main_element=&#8220;display: flex;&#8220; global_colors_info=&#8220;{}&#8220; custom_css_main_element_last_edited=&#8220;on|tablet&#8220; custom_css_main_element_phone=&#8220;display: block;&#8220; custom_css_main_element_tablet=&#8220;display: flex;&#8220;][et_pb_column type=&#8220;2_5&#8243; _builder_version=&#8220;4.24.0&#8243; _module_preset=&#8220;default&#8220; background_color=&#8220;#225428&#8243; custom_padding=&#8220;70px|60px|70px|60px|true|true&#8220; custom_padding_tablet=&#8220;40px|30px|40px|30px|true|false&#8220; custom_padding_phone=&#8220;50px|20px|40px|20px|false|true&#8220; custom_padding_last_edited=&#8220;on|desktop&#8220; global_colors_info=&#8220;{}&#8220; custom_css_main_element_last_edited=&#8220;on|phone&#8220; custom_css_main_element_phone=&#8220;width: 100% !Important;&#8220; custom_css_main_element_tablet=&#8220;width: 50% !important;&#8220;][et_pb_text _builder_version=&#8220;4.27.2&#8243; _module_preset=&#8220;default&#8220; header_2_font=&#8220;|700|||||||&#8220; header_2_text_align=&#8220;left&#8220; header_2_text_color=&#8220;#fff7ed&#8220; header_2_font_size=&#8220;36px&#8220; header_2_letter_spacing=&#8220;-0.5px&#8220; header_2_line_height=&#8220;1.1em&#8220; header_2_font_size_tablet=&#8220;32px&#8220; header_2_font_size_phone=&#8220;28px&#8220; header_2_font_size_last_edited=&#8220;on|phone&#8220; header_2_line_height_tablet=&#8220;1.1em&#8220; header_2_line_height_phone=&#8220;1.1em&#8220; header_2_line_height_last_edited=&#8220;on|desktop&#8220; locked=&#8220;off&#8220; global_colors_info=&#8220;{}&#8220;]<\/p>\n<h2>Komfortable Umgebung, Angenehme Atmosph\u00e4re<\/h2>\n<p>[\/et_pb_text][et_pb_button button_url=&#8220;https:\/\/maps.app.goo.gl\/58A2Pqr6c3oXGTrm7&#8243; url_new_window=&#8220;on&#8220; button_text=&#8220;Wo wir sind&#8220; _builder_version=&#8220;4.24.2&#8243; _module_preset=&#8220;default&#8220; custom_button=&#8220;on&#8220; button_text_size=&#8220;16px&#8220; button_text_color=&#8220;#fff7ed&#8220; button_bg_color=&#8220;RGBA(255,255,255,0)&#8220; button_border_color=&#8220;#fff7ed&#8220; button_border_radius=&#8220;50px&#8220; button_font=&#8220;|600|||||||&#8220; button_icon=&#8220;&#xf30b;||fa||900&#8243; custom_margin=&#8220;20px||||false|false&#8220; custom_margin_tablet=&#8220;20px||||false|false&#8220; custom_margin_phone=&#8220;15px||||false|false&#8220; custom_margin_last_edited=&#8220;on|phone&#8220; custom_padding=&#8220;6px|24px|6px|24px|true|true&#8220; button_text_size_tablet=&#8220;14px&#8220; button_text_size_phone=&#8220;14px&#8220; button_text_size_last_edited=&#8220;on|phone&#8220; locked=&#8220;off&#8220; global_colors_info=&#8220;{}&#8220; transform_styles__hover_enabled=&#8220;off|desktop&#8220; box_shadow_horizontal__hover_enabled=&#8220;on|hover&#8220; box_shadow_horizontal__hover=&#8220;0px&#8220; box_shadow_vertical__hover_enabled=&#8220;on|hover&#8220; box_shadow_vertical__hover=&#8220;0px&#8220; button_bg_color__hover_enabled=&#8220;on|hover&#8220; button_bg_color__hover=&#8220;#fff7ed&#8220; button_bg_enable_color__hover=&#8220;on&#8220; button_text_color__hover_enabled=&#8220;on|desktop&#8220; button_text_color__hover=&#8220;#00474c&#8220; custom_padding__hover_enabled=&#8220;on|desktop&#8220; custom_padding__hover=&#8220;|36px||20px|true|false&#8220;][\/et_pb_button][et_pb_social_media_follow icon_color=&#8220;#FFFFFF&#8220; use_icon_font_size=&#8220;on&#8220; icon_font_size_tablet=&#8220;16px&#8220; icon_font_size_phone=&#8220;20px&#8220; icon_font_size_last_edited=&#8220;on|desktop&#8220; _builder_version=&#8220;4.24.2&#8243; _module_preset=&#8220;default&#8220; text_orientation=&#8220;left&#8220; custom_margin=&#8220;90px||||false|false&#8220; custom_margin_tablet=&#8220;60px||||false|false&#8220; custom_margin_phone=&#8220;30px||||false|false&#8220; custom_margin_last_edited=&#8220;on|desktop&#8220; text_orientation_tablet=&#8220;left&#8220; text_orientation_phone=&#8220;left&#8220; text_orientation_last_edited=&#8220;on|desktop&#8220; border_radii=&#8220;on|50px|50px|50px|50px&#8220; locked=&#8220;off&#8220; global_colors_info=&#8220;{}&#8220;][et_pb_social_media_follow_network social_network=&#8220;facebook&#8220; url=&#8220;https:\/\/www.facebook.com\/hoteltriglavbled&#8220; _builder_version=&#8220;4.24.2&#8243; _module_preset=&#8220;default&#8220; background_color=&#8220;#3b5998&#8243; global_colors_info=&#8220;{}&#8220; follow_button=&#8220;off&#8220; url_new_window=&#8220;on&#8220;]facebook[\/et_pb_social_media_follow_network][et_pb_social_media_follow_network social_network=&#8220;instagram&#8220; url=&#8220;https:\/\/www.instagram.com\/hoteltriglavbled1906\/&#8220; _builder_version=&#8220;4.24.2&#8243; _module_preset=&#8220;default&#8220; background_color=&#8220;#ea2c59&#8243; global_colors_info=&#8220;{}&#8220; follow_button=&#8220;off&#8220; url_new_window=&#8220;on&#8220;]instagram[\/et_pb_social_media_follow_network][et_pb_social_media_follow_network social_network=&#8220;youtube&#8220; url=&#8220;https:\/\/www.youtube.com\/@hoteltriglavbled1906&#8243; _builder_version=&#8220;4.24.2&#8243; _module_preset=&#8220;default&#8220; background_color=&#8220;#a82400&#8243; global_colors_info=&#8220;{}&#8220; follow_button=&#8220;off&#8220; url_new_window=&#8220;on&#8220;]youtube[\/et_pb_social_media_follow_network][et_pb_social_media_follow_network social_network=&#8220;linkedin&#8220; url=&#8220;https:\/\/www.linkedin.com\/in\/hotel-triglav-bled-65108095\/&#8220; _builder_version=&#8220;4.24.2&#8243; _module_preset=&#8220;default&#8220; background_color=&#8220;#007bb6&#8243; global_colors_info=&#8220;{}&#8220; follow_button=&#8220;off&#8220; url_new_window=&#8220;on&#8220;]linkedin[\/et_pb_social_media_follow_network][\/et_pb_social_media_follow][et_pb_text _builder_version=&#8220;4.24.2&#8243; _module_preset=&#8220;default&#8220; text_font=&#8220;||||||||&#8220; text_text_color=&#8220;#fff7ed&#8220; link_text_color=&#8220;#FFF7ED&#8220; custom_margin=&#8220;20px||||false|false&#8220; custom_margin_tablet=&#8220;20px||||false|false&#8220; custom_margin_phone=&#8220;20px||||false|false&#8220; custom_margin_last_edited=&#8220;on|desktop&#8220; text_font_size_tablet=&#8220;16px&#8220; text_font_size_phone=&#8220;16px&#8220; text_font_size_last_edited=&#8220;on|desktop&#8220; global_colors_info=&#8220;{}&#8220;]<strong>Besuchen Sie uns:<\/strong> Kolodvorska 33, SI-4260 Bled, Slowenien<\/p>\n<p><strong>Rufen Sie uns an:<\/strong> 00386 (0)4 575 26 10<\/p>\n<p><strong>Schreiben Sie uns:<\/strong> <span>info@hoteltriglavbled.si<\/span>[\/et_pb_text][\/et_pb_column][et_pb_column type=&#8220;3_5&#8243; _builder_version=&#8220;4.24.0&#8243; _module_preset=&#8220;default&#8220; background_image=&#8220;https:\/\/www.hotel-triglav.eu\/wp-content\/uploads\/2023\/11\/4-hotel-triglav-bld-1920-1280-events-and-meetings-naslovna.jpg&#8220; background_position=&#8220;center_right&#8220; custom_padding_tablet=&#8220;|||0px|false|false&#8220; custom_padding_phone=&#8220;90px||90px|0px|true|false&#8220; custom_padding_last_edited=&#8220;on|phone&#8220; background_last_edited=&#8220;off|desktop&#8220; background_position_tablet=&#8220;center_right&#8220; background_horizontal_offset_tablet=&#8220;18%&#8220; global_colors_info=&#8220;{}&#8220; custom_css_main_element_last_edited=&#8220;on|phone&#8220; custom_css_main_element_phone=&#8220;width: 100% !Important;&#8220; custom_css_main_element_tablet=&#8220;width: 50% !important;&#8220;][et_pb_divider show_divider=&#8220;off&#8220; _builder_version=&#8220;4.17.4&#8243; _module_preset=&#8220;default&#8220; global_colors_info=&#8220;{}&#8220;][\/et_pb_divider][et_pb_code _builder_version=&#8220;4.24.2&#8243; _module_preset=&#8220;default&#8220; global_colors_info=&#8220;{}&#8220;]<script type=\"text\/javascript\" src=\"https:\/\/static.cubilis.eu\/js\/ratebox.bundle.js\"><\/script><!-- [et_pb_line_break_holder] --><script type=\"text\/javascript\"><!-- [et_pb_line_break_holder] -->    var rb = new Ratebox({<!-- [et_pb_line_break_holder] -->      IBEUrl: 'hotel-triglav-bled-bled',<!-- [et_pb_line_break_holder] -->      key: '98BD46CA-D05D-40A9-B4D5-6BD628573D73',<!-- [et_pb_line_break_holder] -->      locale: 'de'<!-- [et_pb_line_break_holder] -->    });<!-- [et_pb_line_break_holder] --><\/script>[\/et_pb_code][\/et_pb_column][\/et_pb_row][\/et_pb_section]<\/p>\n","protected":false},"excerpt":{"rendered":"<p>Silvesterpaket im Hotel Triglav Bled Beginnen Sie das neue Jahr mit Stil, Luxus und atemberaubenden Ausblicken Begr\u00fc\u00dfen Sie das Jahr 2026 in der magischen Atmosph\u00e4re des Hotel Triglav Bled, wo Eleganz auf Komfort trifft und der atemberaubende Blick auf den Bleder See den Rahmen f\u00fcr eine unvergessliche Feier bietet. Unser exklusives Silvesterpaket ist ideal f\u00fcr alle, die Entspannung, erstklassige Gastronomie und einen perfekten Start ins neue Jahr suchen. Das Paket ist bei einem Mindestaufenthalt von 3 N\u00e4chten von 26.Dez. bis 2.Jan verf\u00fcgbar und beinhaltet: \u00dcbernachtung in einem ausgew\u00e4hlten Zimmer A la carte Fr\u00fchst\u00fcck Silvestergaladinner am 31.12.2025 Unbegrenzter Zugang zum Pool und zur finnischen Sauna Wellnessbereich ge\u00f6ffnet bis 1:00 Uhr in der Silvesternacht 10% Rabatt auf alle Massagen Neujahrsgeschenk &nbsp; \ud83e\udd42Am 31. Dezember erwartet Sie ein exklusives Silvester-Gala-Dinner, das K\u00fcchenchef Ale\u0161 Fende speziell f\u00fcr Sie kreiert hat. Im Anschluss k\u00f6nnen Sie sich in unserem Wellnessbereich entspannen, der bis 1:00 Uhr ge\u00f6ffnet ist. Starten Sie luxuri\u00f6s und entspannt ins Jahr 2026 am malerischen Bleder See. \u2728 Sie k\u00f6nnen auch nur das Dinner oder Silvester ohne \u00dcbernachtung buchen. Der Abend beginnt mit Sekt und einem entspannten Empfang, gefolgt von einem eigens f\u00fcr diesen besonderen Anlass kreierten Men\u00fc, begleitet von erlesenen Weinen und Live-Musik. [&hellip;]<\/p>\n","protected":false},"author":2,"featured_media":1086752,"parent":1085964,"menu_order":12,"comment_status":"closed","ping_status":"closed","template":"","meta":{"_et_pb_use_builder":"on","_et_pb_old_content":"","_et_gb_content_width":"","footnotes":""},"class_list":["post-1086759","page","type-page","status-publish","has-post-thumbnail","hentry"],"aioseo_notices":[],"_links":{"self":[{"href":"https:\/\/www.hoteltriglavbled.si\/de\/wp-json\/wp\/v2\/pages\/1086759","targetHints":{"allow":["GET"]}}],"collection":[{"href":"https:\/\/www.hoteltriglavbled.si\/de\/wp-json\/wp\/v2\/pages"}],"about":[{"href":"https:\/\/www.hoteltriglavbled.si\/de\/wp-json\/wp\/v2\/types\/page"}],"author":[{"embeddable":true,"href":"https:\/\/www.hoteltriglavbled.si\/de\/wp-json\/wp\/v2\/users\/2"}],"replies":[{"embeddable":true,"href":"https:\/\/www.hoteltriglavbled.si\/de\/wp-json\/wp\/v2\/comments?post=1086759"}],"version-history":[{"count":9,"href":"https:\/\/www.hoteltriglavbled.si\/de\/wp-json\/wp\/v2\/pages\/1086759\/revisions"}],"predecessor-version":[{"id":1089076,"href":"https:\/\/www.hoteltriglavbled.si\/de\/wp-json\/wp\/v2\/pages\/1086759\/revisions\/1089076"}],"up":[{"embeddable":true,"href":"https:\/\/www.hoteltriglavbled.si\/de\/wp-json\/wp\/v2\/pages\/1085964"}],"wp:featuredmedia":[{"embeddable":true,"href":"https:\/\/www.hoteltriglavbled.si\/de\/wp-json\/wp\/v2\/media\/1086752"}],"wp:attachment":[{"href":"https:\/\/www.hoteltriglavbled.si\/de\/wp-json\/wp\/v2\/media?parent=1086759"}],"curies":[{"name":"wp","href":"https:\/\/api.w.org\/{rel}","templated":true}]}}