{"id":1088995,"date":"2025-11-18T15:38:49","date_gmt":"2025-11-18T14:38:49","guid":{"rendered":"https:\/\/www.hoteltriglavbled.si\/verantstaltungen-events\/dobri-ljudje-dobri-okusi\/"},"modified":"2025-11-18T15:56:46","modified_gmt":"2025-11-18T14:56:46","slug":"gute-menschen-gute-geschmaecker","status":"publish","type":"page","link":"https:\/\/www.hoteltriglavbled.si\/de\/verantstaltungen-events\/gute-menschen-gute-geschmaecker\/","title":{"rendered":"Gute Menschen. Gute Geschm\u00e4cker."},"content":{"rendered":"<p>[et_pb_section fb_built=&#8220;1&#8243; custom_padding_last_edited=&#8220;on|phone&#8220; admin_label=&#8220;Gute Menschen. Gute Geschm\u00e4cker. &#8211; Header&#8220; _builder_version=&#8220;4.27.4&#8243; _module_preset=&#8220;default&#8220; background_color=&#8220;rgba(0,0,0,0.09)&#8220; background_image=&#8220;https:\/\/www.hoteltriglavbled.si\/wp-content\/uploads\/2025\/11\/Hotel-Triglav-Bled-Dobri-ljudje-dobri-okusi.webp&#8220; background_position=&#8220;top_center&#8220; background_blend=&#8220;overlay&#8220; custom_padding=&#8220;20vw||20vw||false|false&#8220; custom_padding_tablet=&#8220;20vw||20vw||false|false&#8220; custom_padding_phone=&#8220;20vw||20vw||false|false&#8220; border_radii=&#8220;off||||&#8220; collapsed=&#8220;off&#8220; global_colors_info=&#8220;{}&#8220;][et_pb_row _builder_version=&#8220;4.24.0&#8243; _module_preset=&#8220;default&#8220; max_width=&#8220;1800px&#8220; global_colors_info=&#8220;{}&#8220;][et_pb_column type=&#8220;4_4&#8243; _builder_version=&#8220;4.22.0&#8243; _module_preset=&#8220;default&#8220; global_colors_info=&#8220;{}&#8220;][et_pb_text admin_label=&#8220;Gute Menschen. Gute Geschm\u00e4cker.&#8220; _builder_version=&#8220;4.27.4&#8243; _module_preset=&#8220;default&#8220; header_font=&#8220;|600|||||||&#8220; header_text_color=&#8220;#FFF7ED&#8220; header_font_size=&#8220;76px&#8220; custom_margin=&#8220;||5px||false|false&#8220; custom_margin_tablet=&#8220;||20px||false|false&#8220; custom_margin_phone=&#8220;||10px||false|false&#8220; custom_margin_last_edited=&#8220;on|desktop&#8220; header_font_size_tablet=&#8220;50px&#8220; header_font_size_phone=&#8220;44px&#8220; header_font_size_last_edited=&#8220;on|phone&#8220; locked=&#8220;off&#8220; global_colors_info=&#8220;{}&#8220;]<\/p>\n<h1 style=\"text-align: center;\">Gute Menschen. Gute Geschm\u00e4cker.<\/h1>\n<p>[\/et_pb_text][\/et_pb_column][\/et_pb_row][\/et_pb_section][et_pb_section fb_built=&#8220;1&#8243; custom_padding_last_edited=&#8220;on|phone&#8220; _builder_version=&#8220;4.24.0&#8243; _module_preset=&#8220;default&#8220; background_color=&#8220;#fff7ed&#8220; custom_padding=&#8220;50px||50px||true|false&#8220; custom_padding_tablet=&#8220;50px||50px||true|false&#8220; custom_padding_phone=&#8220;50px||50px||true|false&#8220; locked=&#8220;off&#8220; global_colors_info=&#8220;{}&#8220;][et_pb_row use_custom_gutter=&#8220;on&#8220; gutter_width=&#8220;1&#8243; _builder_version=&#8220;4.21.0&#8243; _module_preset=&#8220;default&#8220; width=&#8220;100%&#8220; max_width=&#8220;1100px&#8220; max_width_tablet=&#8220;90%&#8220; max_width_phone=&#8220;90%&#8220; max_width_last_edited=&#8220;on|desktop&#8220; custom_padding=&#8220;0px||0px||true|false&#8220; custom_css_main_element=&#8220;display: flex;&#8220; locked=&#8220;off&#8220; global_colors_info=&#8220;{}&#8220; custom_css_main_element_last_edited=&#8220;on|desktop&#8220; custom_css_main_element_phone=&#8220;display: block;&#8220; custom_css_main_element_tablet=&#8220;display: flex;&#8220;][et_pb_column type=&#8220;4_4&#8243; _builder_version=&#8220;4.21.0&#8243; _module_preset=&#8220;default&#8220; custom_padding=&#8220;|0px|||false|false&#8220; custom_padding_tablet=&#8220;|30px|||false|false&#8220; custom_padding_phone=&#8220;|0px|||false|false&#8220; custom_padding_last_edited=&#8220;off|desktop&#8220; custom_css_main_element=&#8220;margin: auto;&#8220; global_colors_info=&#8220;{}&#8220; custom_css_main_element_last_edited=&#8220;on|desktop&#8220; custom_css_main_element_tablet=&#8220;width: 80% !important;&#8220; custom_css_main_element_phone=&#8220; &#8222;][et_pb_text admin_label=&#8220;Gute Menschen. Gute Geschm\u00e4cker.&#8220; _builder_version=&#8220;4.27.4&#8243; _module_preset=&#8220;default&#8220; text_font=&#8220;|600|||||||&#8220; text_text_color=&#8220;#225428&#8243; text_font_size=&#8220;18px&#8220; header_text_color=&#8220;#225428&#8243; header_2_font=&#8220;|700|||||||&#8220; header_2_text_align=&#8220;left&#8220; header_2_text_color=&#8220;#225428&#8243; header_2_font_size=&#8220;36px&#8220; header_2_letter_spacing=&#8220;-0.5px&#8220; header_2_line_height=&#8220;1.1em&#8220; text_font_size_tablet=&#8220;18px&#8220; text_font_size_phone=&#8220;18px&#8220; text_font_size_last_edited=&#8220;on|desktop&#8220; header_2_font_size_tablet=&#8220;32px&#8220; header_2_font_size_phone=&#8220;28px&#8220; header_2_font_size_last_edited=&#8220;on|phone&#8220; header_2_line_height_tablet=&#8220;1.1em&#8220; header_2_line_height_phone=&#8220;1.1em&#8220; header_2_line_height_last_edited=&#8220;on|desktop&#8220; global_colors_info=&#8220;{}&#8220;]<\/p>\n<h2>Gute Menschen. Gute Geschm\u00e4cker.<br \/>\n<\/h2>\n<p><strong><em> Abende, gewidmet den Sch\u00f6pfern slowenischer Aromen <\/em><\/strong>[\/et_pb_text][\/et_pb_column][\/et_pb_row][et_pb_row _builder_version=&#8220;4.24.0&#8243; _module_preset=&#8220;default&#8220; global_colors_info=&#8220;{}&#8220;][et_pb_column type=&#8220;4_4&#8243; _builder_version=&#8220;4.24.0&#8243; _module_preset=&#8220;default&#8220; global_colors_info=&#8220;{}&#8220;][et_pb_text _builder_version=&#8220;4.27.4&#8243; _module_preset=&#8220;default&#8220; link_font=&#8220;||||on|||#225428|&#8220; link_text_color=&#8220;#225428&#8243; custom_padding=&#8220;||||false|false&#8220; link_font_tablet=&#8220;||||on|||#225428|&#8220; link_font_phone=&#8220;||||on|||#225428|&#8220; link_font_last_edited=&#8220;on|desktop&#8220; global_colors_info=&#8220;{}&#8220;]<\/p>\n<p class=\"p1\">Im <b>Hotel Triglav Bled<\/b> und im <b>Restaurant 1906<\/b> glauben wir, dass die besten Geschm\u00e4cker dort entstehen, wo <b>echter Terroir<\/b>, <b>f\u00e4hige H\u00e4nde<\/b> und eine <b>ehrliche Geschichte<\/b> zusammenkommen.<br \/>Deshalb beginnen wir im Dezember eine neue Veranstaltungsreihe \u2013 <b>Gute Menschen. Gute Geschm\u00e4cker.<\/b> \u2013 warme, ungezwungene Abende, an denen sich unsere Produzenten, G\u00e4ste und das K\u00fcchenteam an einem Tisch begegnen. <span class=\"s1\">\ud83c\udf77\ud83c\udf7d\ufe0f<\/span><\/p>\n<p class=\"p2\">\n<p class=\"p1\"><b>Was erwartet Sie?<\/b><\/p>\n<p class=\"p1\">Jede Veranstaltung stellt die <b>Menschen in den Mittelpunkt, die unsere K\u00fcche pr\u00e4gen<\/b>: Winzer, Olivenbauern, Landwirte, K\u00e4ser, Imker und andere Meister, mit denen wir das ganze Jahr \u00fcber zusammenarbeiten.<\/p>\n<p class=\"p1\">Sie sind nicht nur Lieferanten \u2013 sie sind <b>Teil unserer Hausgeschichte<\/b>. Sie stehen hinter den <b>authentischen slowenischen Aromen<\/b>, die unsere G\u00e4ste auf dem Teller genie\u00dfen. <span class=\"s1\">\ud83c\udf3f\ud83d\udc68\u200d\ud83c\udf3e<\/span><\/p>\n<p class=\"p1\">Die Abende finden in einer <b>lockeren, warmen Atmosph\u00e4re<\/b> statt, mit:<br \/>\u2022 <span class=\"s1\">\ud83c\udf7d\ufe0f<\/span> 3-G\u00e4nge-Men\u00fcs<br \/>\u2022 <span class=\"s1\">\ud83c\udf77<\/span> Weinbegleitung<br \/>\u2022 <span class=\"s1\">\ud83d\udecd\ufe0f<\/span> kleinem Markt ausgew\u00e4hlter Produkte<br \/>\u2022 <span class=\"s1\">\ud83d\udcac<\/span> entspannten Gespr\u00e4chen und Verkostungen mit den Produzenten<\/p>\n<p class=\"p1\">Das Ziel der Reihe ist einfach \u2013 <b>Menschen zu verbinden<\/b>, <b>einzigartige slowenische Produkte vorzustellen<\/b> und die <b>Exzellenz lokaler Geschm\u00e4cker<\/b> zu feiern.<\/p>\n<p class=\"p2\">\n<p class=\"p1\"><b>Abend #1 \u2013 Samstag, 6. Dezember 2025 um 19:00 Uhr<\/b><\/p>\n<p class=\"p1\">Wir starten mit Produzenten aus dem <b>Gori\u0161ka Brda<\/b>:<\/p>\n<p class=\"p1\"><span class=\"s1\">\ud83c\udf3f<\/span> <b>Villa Eva<\/b> \u2013 biologisches, preisgekr\u00f6ntes Oliven\u00f6l aus Brda<br \/><span class=\"s1\">\ud83c\udf47<\/span> <b>Radikon Weine<\/b> \u2013 authentische, charakterstarke Weine aus Kozana<\/p>\n<p class=\"p1\">Freuen Sie sich auf ein <b>3-G\u00e4nge-Men\u00fc<\/b>, Weinbegleitung, gro\u00dfartige Gesellschaft, Verkostungen und einen kleinen Markt f\u00fcr Vorr\u00e4te f\u00fcr zuhause. <span class=\"s1\">\ud83e\udd42<\/span><\/p>\n<p class=\"p2\">\n<p class=\"p1\"><b>Preis<\/b><\/p>\n<p class=\"p1\"><b>35 \u20ac pro Person<\/b> \u2013 inklusive 3-G\u00e4nge-Men\u00fc mit Weinbegleitung.<\/p>\n<p class=\"p1\"><span class=\"s1\">\ud83d\udce9<\/span> <b>Reservierung erforderlich:<\/b><br \/>info@hoteltriglavbled.si | +386 4 575 26 10<\/p>\n<p class=\"p1\">Hotelg\u00e4ste und externe Besucher sind herzlich willkommen. <span class=\"s1\">\u2764\ufe0f<\/span><\/p>\n<p>[\/et_pb_text][et_pb_button button_url=&#8220;mailto:info@hoteltriglavbled.si&#8220; url_new_window=&#8220;on&#8220; button_text=&#8220;Jetzt buchen&#8220; admin_label=&#8220;Jetzt buchen&#8220; _builder_version=&#8220;4.27.4&#8243; _module_preset=&#8220;default&#8220; custom_button=&#8220;on&#8220; button_text_size=&#8220;16px&#8220; button_text_color=&#8220;#225428&#8243; button_bg_color=&#8220;RGBA(255,255,255,0)&#8220; button_border_color=&#8220;#225428&#8243; button_border_radius=&#8220;50px&#8220; button_font=&#8220;Inter Tight|600|||||||&#8220; button_icon=&#8220;&#xf30b;||fa||900&#8243; transform_scale_last_edited=&#8220;off|desktop&#8220; transform_translate_last_edited=&#8220;off|desktop&#8220; transform_rotate_last_edited=&#8220;off|desktop&#8220; transform_skew_last_edited=&#8220;off|desktop&#8220; transform_origin_last_edited=&#8220;off|desktop&#8220; transform_styles_last_edited=&#8220;off|desktop&#8220; custom_margin=&#8220;||||false|false&#8220; custom_margin_tablet=&#8220;||||false|false&#8220; custom_margin_phone=&#8220;||||false|false&#8220; custom_margin_last_edited=&#8220;on|phone&#8220; custom_padding=&#8220;6px|24px|6px|24px|true|true&#8220; button_text_size_tablet=&#8220;14px&#8220; button_text_size_phone=&#8220;14px&#8220; button_text_size_last_edited=&#8220;on|tablet&#8220; locked=&#8220;off&#8220; global_colors_info=&#8220;{}&#8220; transform_styles__hover_enabled=&#8220;off|desktop&#8220; transform_scale__hover_enabled=&#8220;off|desktop&#8220; transform_translate__hover_enabled=&#8220;off|desktop&#8220; transform_rotate__hover_enabled=&#8220;off|desktop&#8220; transform_skew__hover_enabled=&#8220;off|desktop&#8220; transform_origin__hover_enabled=&#8220;off|desktop&#8220; box_shadow_horizontal__hover_enabled=&#8220;on|hover&#8220; box_shadow_horizontal__hover=&#8220;0px&#8220; box_shadow_vertical__hover_enabled=&#8220;on|hover&#8220; box_shadow_vertical__hover=&#8220;0px&#8220; transform_translate__hover=&#8220;-2px|-2px&#8220; button_bg_color__hover_enabled=&#8220;on|desktop&#8220; button_bg_color__hover=&#8220;#225428&#8243; button_bg_enable_color__hover=&#8220;on&#8220; button_text_color__hover_enabled=&#8220;on|hover&#8220; button_text_color__hover=&#8220;#FFFFFF&#8220; custom_padding__hover_enabled=&#8220;on|desktop&#8220; custom_padding__hover=&#8220;|36px||20px|true|false&#8220; button_custom_padding__hover=&#8220;|36px||20px|false|false&#8220; button_custom_padding__hover_enabled=&#8220;on|hover&#8220;][\/et_pb_button][\/et_pb_column][\/et_pb_row][\/et_pb_section][et_pb_section fb_built=&#8220;1&#8243; custom_padding_last_edited=&#8220;off|desktop&#8220; _builder_version=&#8220;4.24.0&#8243; _module_preset=&#8220;default&#8220; background_color=&#8220;#225428&#8243; custom_padding=&#8220;0px||0px||true|false&#8220; custom_padding_tablet=&#8220;40px||40px||false|false&#8220; custom_padding_phone=&#8220;||50px||false|false&#8220; global_module=&#8220;1085902&#8243; locked=&#8220;off&#8220; global_colors_info=&#8220;{}&#8220;][et_pb_row column_structure=&#8220;2_5,3_5&#8243; use_custom_gutter=&#8220;on&#8220; gutter_width=&#8220;1&#8243; make_equal=&#8220;on&#8220; _builder_version=&#8220;4.24.0&#8243; _module_preset=&#8220;default&#8220; width=&#8220;100%&#8220; max_width=&#8220;100%&#8220; max_width_tablet=&#8220;100%&#8220; max_width_phone=&#8220;100%&#8220; max_width_last_edited=&#8220;on|tablet&#8220; custom_padding=&#8220;0px||0px||false|false&#8220; custom_css_main_element=&#8220;display: flex;&#8220; global_colors_info=&#8220;{}&#8220; custom_css_main_element_last_edited=&#8220;on|tablet&#8220; custom_css_main_element_phone=&#8220;display: block;&#8220; custom_css_main_element_tablet=&#8220;display: flex;&#8220;][et_pb_column type=&#8220;2_5&#8243; _builder_version=&#8220;4.24.0&#8243; _module_preset=&#8220;default&#8220; background_color=&#8220;#225428&#8243; custom_padding=&#8220;70px|60px|70px|60px|true|true&#8220; custom_padding_tablet=&#8220;40px|30px|40px|30px|true|false&#8220; custom_padding_phone=&#8220;50px|20px|40px|20px|false|true&#8220; custom_padding_last_edited=&#8220;on|desktop&#8220; global_colors_info=&#8220;{}&#8220; custom_css_main_element_last_edited=&#8220;on|phone&#8220; custom_css_main_element_phone=&#8220;width: 100% !Important;&#8220; custom_css_main_element_tablet=&#8220;width: 50% !important;&#8220;][et_pb_text _builder_version=&#8220;4.27.2&#8243; _module_preset=&#8220;default&#8220; header_2_font=&#8220;|700|||||||&#8220; header_2_text_align=&#8220;left&#8220; header_2_text_color=&#8220;#fff7ed&#8220; header_2_font_size=&#8220;36px&#8220; header_2_letter_spacing=&#8220;-0.5px&#8220; header_2_line_height=&#8220;1.1em&#8220; header_2_font_size_tablet=&#8220;32px&#8220; header_2_font_size_phone=&#8220;28px&#8220; header_2_font_size_last_edited=&#8220;on|phone&#8220; header_2_line_height_tablet=&#8220;1.1em&#8220; header_2_line_height_phone=&#8220;1.1em&#8220; header_2_line_height_last_edited=&#8220;on|desktop&#8220; locked=&#8220;off&#8220; global_colors_info=&#8220;{}&#8220;]<\/p>\n<h2>Komfortable Umgebung, Angenehme Atmosph\u00e4re<\/h2>\n<p>[\/et_pb_text][et_pb_button button_url=&#8220;https:\/\/maps.app.goo.gl\/58A2Pqr6c3oXGTrm7&#8243; url_new_window=&#8220;on&#8220; button_text=&#8220;Wo wir sind&#8220; _builder_version=&#8220;4.24.2&#8243; _module_preset=&#8220;default&#8220; custom_button=&#8220;on&#8220; button_text_size=&#8220;16px&#8220; button_text_color=&#8220;#fff7ed&#8220; button_bg_color=&#8220;RGBA(255,255,255,0)&#8220; button_border_color=&#8220;#fff7ed&#8220; button_border_radius=&#8220;50px&#8220; button_font=&#8220;|600|||||||&#8220; button_icon=&#8220;&#xf30b;||fa||900&#8243; custom_margin=&#8220;20px||||false|false&#8220; custom_margin_tablet=&#8220;20px||||false|false&#8220; custom_margin_phone=&#8220;15px||||false|false&#8220; custom_margin_last_edited=&#8220;on|phone&#8220; custom_padding=&#8220;6px|24px|6px|24px|true|true&#8220; button_text_size_tablet=&#8220;14px&#8220; button_text_size_phone=&#8220;14px&#8220; button_text_size_last_edited=&#8220;on|phone&#8220; locked=&#8220;off&#8220; global_colors_info=&#8220;{}&#8220; transform_styles__hover_enabled=&#8220;off|desktop&#8220; box_shadow_horizontal__hover_enabled=&#8220;on|hover&#8220; box_shadow_horizontal__hover=&#8220;0px&#8220; box_shadow_vertical__hover_enabled=&#8220;on|hover&#8220; box_shadow_vertical__hover=&#8220;0px&#8220; button_bg_color__hover_enabled=&#8220;on|hover&#8220; button_bg_color__hover=&#8220;#fff7ed&#8220; button_bg_enable_color__hover=&#8220;on&#8220; button_text_color__hover_enabled=&#8220;on|desktop&#8220; button_text_color__hover=&#8220;#00474c&#8220; custom_padding__hover_enabled=&#8220;on|desktop&#8220; custom_padding__hover=&#8220;|36px||20px|true|false&#8220;][\/et_pb_button][et_pb_social_media_follow icon_color=&#8220;#FFFFFF&#8220; use_icon_font_size=&#8220;on&#8220; icon_font_size_tablet=&#8220;16px&#8220; icon_font_size_phone=&#8220;20px&#8220; icon_font_size_last_edited=&#8220;on|desktop&#8220; _builder_version=&#8220;4.24.2&#8243; _module_preset=&#8220;default&#8220; text_orientation=&#8220;left&#8220; custom_margin=&#8220;90px||||false|false&#8220; custom_margin_tablet=&#8220;60px||||false|false&#8220; custom_margin_phone=&#8220;30px||||false|false&#8220; custom_margin_last_edited=&#8220;on|desktop&#8220; text_orientation_tablet=&#8220;left&#8220; text_orientation_phone=&#8220;left&#8220; text_orientation_last_edited=&#8220;on|desktop&#8220; border_radii=&#8220;on|50px|50px|50px|50px&#8220; locked=&#8220;off&#8220; global_colors_info=&#8220;{}&#8220;][et_pb_social_media_follow_network social_network=&#8220;facebook&#8220; url=&#8220;https:\/\/www.facebook.com\/hoteltriglavbled&#8220; _builder_version=&#8220;4.24.2&#8243; _module_preset=&#8220;default&#8220; background_color=&#8220;#3b5998&#8243; global_colors_info=&#8220;{}&#8220; follow_button=&#8220;off&#8220; url_new_window=&#8220;on&#8220;]facebook[\/et_pb_social_media_follow_network][et_pb_social_media_follow_network social_network=&#8220;instagram&#8220; url=&#8220;https:\/\/www.instagram.com\/hoteltriglavbled1906\/&#8220; _builder_version=&#8220;4.24.2&#8243; _module_preset=&#8220;default&#8220; background_color=&#8220;#ea2c59&#8243; global_colors_info=&#8220;{}&#8220; follow_button=&#8220;off&#8220; url_new_window=&#8220;on&#8220;]instagram[\/et_pb_social_media_follow_network][et_pb_social_media_follow_network social_network=&#8220;youtube&#8220; url=&#8220;https:\/\/www.youtube.com\/@hoteltriglavbled1906&#8243; _builder_version=&#8220;4.24.2&#8243; _module_preset=&#8220;default&#8220; background_color=&#8220;#a82400&#8243; global_colors_info=&#8220;{}&#8220; follow_button=&#8220;off&#8220; url_new_window=&#8220;on&#8220;]youtube[\/et_pb_social_media_follow_network][et_pb_social_media_follow_network social_network=&#8220;linkedin&#8220; url=&#8220;https:\/\/www.linkedin.com\/in\/hotel-triglav-bled-65108095\/&#8220; _builder_version=&#8220;4.24.2&#8243; _module_preset=&#8220;default&#8220; background_color=&#8220;#007bb6&#8243; global_colors_info=&#8220;{}&#8220; follow_button=&#8220;off&#8220; url_new_window=&#8220;on&#8220;]linkedin[\/et_pb_social_media_follow_network][\/et_pb_social_media_follow][et_pb_text _builder_version=&#8220;4.24.2&#8243; _module_preset=&#8220;default&#8220; text_font=&#8220;||||||||&#8220; text_text_color=&#8220;#fff7ed&#8220; link_text_color=&#8220;#FFF7ED&#8220; custom_margin=&#8220;20px||||false|false&#8220; custom_margin_tablet=&#8220;20px||||false|false&#8220; custom_margin_phone=&#8220;20px||||false|false&#8220; custom_margin_last_edited=&#8220;on|desktop&#8220; text_font_size_tablet=&#8220;16px&#8220; text_font_size_phone=&#8220;16px&#8220; text_font_size_last_edited=&#8220;on|desktop&#8220; global_colors_info=&#8220;{}&#8220;]<strong>Besuchen Sie uns:<\/strong> Kolodvorska 33, SI-4260 Bled, Slowenien<\/p>\n<p><strong>Rufen Sie uns an:<\/strong> 00386 (0)4 575 26 10<\/p>\n<p><strong>Schreiben Sie uns:<\/strong> <span>info@hoteltriglavbled.si<\/span>[\/et_pb_text][\/et_pb_column][et_pb_column type=&#8220;3_5&#8243; _builder_version=&#8220;4.24.0&#8243; _module_preset=&#8220;default&#8220; background_image=&#8220;https:\/\/www.hotel-triglav.eu\/wp-content\/uploads\/2023\/11\/4-hotel-triglav-bld-1920-1280-events-and-meetings-naslovna.jpg&#8220; background_position=&#8220;center_right&#8220; custom_padding_tablet=&#8220;|||0px|false|false&#8220; custom_padding_phone=&#8220;90px||90px|0px|true|false&#8220; custom_padding_last_edited=&#8220;on|phone&#8220; background_last_edited=&#8220;off|desktop&#8220; background_position_tablet=&#8220;center_right&#8220; background_horizontal_offset_tablet=&#8220;18%&#8220; global_colors_info=&#8220;{}&#8220; custom_css_main_element_last_edited=&#8220;on|phone&#8220; custom_css_main_element_phone=&#8220;width: 100% !Important;&#8220; custom_css_main_element_tablet=&#8220;width: 50% !important;&#8220;][et_pb_divider show_divider=&#8220;off&#8220; _builder_version=&#8220;4.17.4&#8243; _module_preset=&#8220;default&#8220; global_colors_info=&#8220;{}&#8220;][\/et_pb_divider][et_pb_code _builder_version=&#8220;4.24.2&#8243; _module_preset=&#8220;default&#8220; global_colors_info=&#8220;{}&#8220;]<script type=\"text\/javascript\" src=\"https:\/\/static.cubilis.eu\/js\/ratebox.bundle.js\"><\/script><!-- [et_pb_line_break_holder] --><script type=\"text\/javascript\"><!-- [et_pb_line_break_holder] -->    var rb = new Ratebox({<!-- [et_pb_line_break_holder] -->      IBEUrl: 'hotel-triglav-bled-bled',<!-- [et_pb_line_break_holder] -->      key: '98BD46CA-D05D-40A9-B4D5-6BD628573D73',<!-- [et_pb_line_break_holder] -->      locale: 'de'<!-- [et_pb_line_break_holder] -->    });<!-- [et_pb_line_break_holder] --><\/script>[\/et_pb_code][\/et_pb_column][\/et_pb_row][\/et_pb_section]<\/p>\n","protected":false},"excerpt":{"rendered":"<p>Gute Menschen. Gute Geschm\u00e4cker.Gute Menschen. Gute Geschm\u00e4cker. Abende, gewidmet den Sch\u00f6pfern slowenischer Aromen Im Hotel Triglav Bled und im Restaurant 1906 glauben wir, dass die besten Geschm\u00e4cker dort entstehen, wo echter Terroir, f\u00e4hige H\u00e4nde und eine ehrliche Geschichte zusammenkommen.Deshalb beginnen wir im Dezember eine neue Veranstaltungsreihe \u2013 Gute Menschen. Gute Geschm\u00e4cker. \u2013 warme, ungezwungene Abende, an denen sich unsere Produzenten, G\u00e4ste und das K\u00fcchenteam an einem Tisch begegnen. \ud83c\udf77\ud83c\udf7d\ufe0f Was erwartet Sie? Jede Veranstaltung stellt die Menschen in den Mittelpunkt, die unsere K\u00fcche pr\u00e4gen: Winzer, Olivenbauern, Landwirte, K\u00e4ser, Imker und andere Meister, mit denen wir das ganze Jahr \u00fcber zusammenarbeiten. Sie sind nicht nur Lieferanten \u2013 sie sind Teil unserer Hausgeschichte. Sie stehen hinter den authentischen slowenischen Aromen, die unsere G\u00e4ste auf dem Teller genie\u00dfen. \ud83c\udf3f\ud83d\udc68\u200d\ud83c\udf3e Die Abende finden in einer lockeren, warmen Atmosph\u00e4re statt, mit:\u2022 \ud83c\udf7d\ufe0f 3-G\u00e4nge-Men\u00fcs\u2022 \ud83c\udf77 Weinbegleitung\u2022 \ud83d\udecd\ufe0f kleinem Markt ausgew\u00e4hlter Produkte\u2022 \ud83d\udcac entspannten Gespr\u00e4chen und Verkostungen mit den Produzenten Das Ziel der Reihe ist einfach \u2013 Menschen zu verbinden, einzigartige slowenische Produkte vorzustellen und die Exzellenz lokaler Geschm\u00e4cker zu feiern. Abend #1 \u2013 Samstag, 6. Dezember 2025 um 19:00 Uhr Wir starten mit Produzenten aus dem Gori\u0161ka Brda: \ud83c\udf3f Villa Eva \u2013 biologisches, preisgekr\u00f6ntes Oliven\u00f6l aus [&hellip;]<\/p>\n","protected":false},"author":1,"featured_media":1088986,"parent":1085960,"menu_order":9,"comment_status":"closed","ping_status":"closed","template":"","meta":{"_et_pb_use_builder":"on","_et_pb_old_content":"","_et_gb_content_width":"","footnotes":""},"class_list":["post-1088995","page","type-page","status-publish","has-post-thumbnail","hentry"],"aioseo_notices":[],"_links":{"self":[{"href":"https:\/\/www.hoteltriglavbled.si\/de\/wp-json\/wp\/v2\/pages\/1088995","targetHints":{"allow":["GET"]}}],"collection":[{"href":"https:\/\/www.hoteltriglavbled.si\/de\/wp-json\/wp\/v2\/pages"}],"about":[{"href":"https:\/\/www.hoteltriglavbled.si\/de\/wp-json\/wp\/v2\/types\/page"}],"author":[{"embeddable":true,"href":"https:\/\/www.hoteltriglavbled.si\/de\/wp-json\/wp\/v2\/users\/1"}],"replies":[{"embeddable":true,"href":"https:\/\/www.hoteltriglavbled.si\/de\/wp-json\/wp\/v2\/comments?post=1088995"}],"version-history":[{"count":5,"href":"https:\/\/www.hoteltriglavbled.si\/de\/wp-json\/wp\/v2\/pages\/1088995\/revisions"}],"predecessor-version":[{"id":1089016,"href":"https:\/\/www.hoteltriglavbled.si\/de\/wp-json\/wp\/v2\/pages\/1088995\/revisions\/1089016"}],"up":[{"embeddable":true,"href":"https:\/\/www.hoteltriglavbled.si\/de\/wp-json\/wp\/v2\/pages\/1085960"}],"wp:featuredmedia":[{"embeddable":true,"href":"https:\/\/www.hoteltriglavbled.si\/de\/wp-json\/wp\/v2\/media\/1088986"}],"wp:attachment":[{"href":"https:\/\/www.hoteltriglavbled.si\/de\/wp-json\/wp\/v2\/media?parent=1088995"}],"curies":[{"name":"wp","href":"https:\/\/api.w.org\/{rel}","templated":true}]}}