{"id":1086163,"date":"2024-02-04T09:51:13","date_gmt":"2024-02-04T08:51:13","guid":{"rendered":"https:\/\/www.hoteltriglavbled.si\/ristorante-1906\/vecerja\/"},"modified":"2026-03-02T19:53:01","modified_gmt":"2026-03-02T18:53:01","slug":"pranzo-cena","status":"publish","type":"page","link":"https:\/\/www.hoteltriglavbled.si\/it\/ristorante-1906\/pranzo-cena\/","title":{"rendered":"Pranzo &#038; Cena"},"content":{"rendered":"<p>[et_pb_section fb_built=&#8221;1&#8243; custom_padding_last_edited=&#8221;on|phone&#8221; admin_label=&#8221;Cena&#8221; _builder_version=&#8221;4.24.2&#8243; _module_preset=&#8221;default&#8221; background_color=&#8221;rgba(0,0,0,0.09)&#8221; background_image=&#8221;https:\/\/www.hotel-triglav.eu\/wp-content\/uploads\/2024\/02\/HOTEL-TRIGLAV-BLED-Vecerja.jpg&#8221; background_blend=&#8221;overlay&#8221; custom_padding=&#8221;20vw||20vw||false|false&#8221; custom_padding_tablet=&#8221;20vw||20vw||false|false&#8221; custom_padding_phone=&#8221;20vw||20vw||false|false&#8221; border_radii=&#8221;off||||&#8221; collapsed=&#8221;off&#8221; global_colors_info=&#8221;{}&#8221;][et_pb_row _builder_version=&#8221;4.24.0&#8243; _module_preset=&#8221;default&#8221; max_width=&#8221;1800px&#8221; global_colors_info=&#8221;{}&#8221;][et_pb_column type=&#8221;4_4&#8243; _builder_version=&#8221;4.22.0&#8243; _module_preset=&#8221;default&#8221; global_colors_info=&#8221;{}&#8221;][et_pb_text admin_label=&#8221;Cena&#8221; _builder_version=&#8221;4.24.2&#8243; _module_preset=&#8221;default&#8221; header_font=&#8221;|600|||||||&#8221; header_text_color=&#8221;#FFF7ED&#8221; header_font_size=&#8221;76px&#8221; custom_margin=&#8221;||5px||false|false&#8221; custom_margin_tablet=&#8221;||20px||false|false&#8221; custom_margin_phone=&#8221;||10px||false|false&#8221; custom_margin_last_edited=&#8221;on|desktop&#8221; header_font_size_tablet=&#8221;50px&#8221; header_font_size_phone=&#8221;44px&#8221; header_font_size_last_edited=&#8221;on|phone&#8221; locked=&#8221;off&#8221; global_colors_info=&#8221;{}&#8221;]<\/p>\n<h1 style=\"text-align: center;\">Pranzo &amp; Cena<\/h1>\n<p>[\/et_pb_text][et_pb_button button_url=&#8221;mailto:info@hoteltriglavbled.si&#8221; url_new_window=&#8221;on&#8221; button_text=&#8221;Richieste&#8221; button_alignment=&#8221;center&#8221; _builder_version=&#8221;4.27.5&#8243; _module_preset=&#8221;default&#8221; custom_button=&#8221;on&#8221; button_text_color=&#8221;#225428&#8243; button_bg_color=&#8221;#FFFFFF&#8221; button_border_width=&#8221;3px&#8221; button_border_radius=&#8221;22px&#8221; hover_enabled=&#8221;0&#8243; global_colors_info=&#8221;{}&#8221; sticky_enabled=&#8221;0&#8243;][\/et_pb_button][\/et_pb_column][\/et_pb_row][\/et_pb_section][et_pb_section fb_built=&#8221;1&#8243; custom_padding_last_edited=&#8221;on|phone&#8221; _builder_version=&#8221;4.24.0&#8243; _module_preset=&#8221;default&#8221; background_color=&#8221;#225428&#8243; background_enable_video_mp4=&#8221;off&#8221; custom_padding=&#8221;80px||60px||false|false&#8221; custom_padding_tablet=&#8221;60px||40px||false|false&#8221; custom_padding_phone=&#8221;60px||20px||false|false&#8221; locked=&#8221;off&#8221; global_colors_info=&#8221;{}&#8221;][et_pb_row column_structure=&#8221;3_5,2_5&#8243; _builder_version=&#8221;4.24.0&#8243; _module_preset=&#8221;default&#8221; width=&#8221;100%&#8221; max_width=&#8221;1100px&#8221; max_width_tablet=&#8221;90%&#8221; max_width_phone=&#8221;90%&#8221; max_width_last_edited=&#8221;on|desktop&#8221; custom_padding=&#8221;0px||0px||true|false&#8221; custom_css_main_element=&#8221;display: flex;&#8221; global_colors_info=&#8221;{}&#8221; custom_css_main_element_last_edited=&#8221;on|desktop&#8221; custom_css_main_element_phone=&#8221;display: block;&#8221; custom_css_main_element_tablet=&#8221;display: flex;&#8221;][et_pb_column type=&#8221;3_5&#8243; _builder_version=&#8221;4.21.0&#8243; _module_preset=&#8221;default&#8221; custom_padding=&#8221;|0px|||false|false&#8221; custom_padding_tablet=&#8221;|30px|||false|false&#8221; custom_padding_phone=&#8221;|0px|||false|false&#8221; custom_padding_last_edited=&#8221;off|desktop&#8221; custom_css_main_element=&#8221;margin: auto;&#8221; global_colors_info=&#8221;{}&#8221; custom_css_main_element_last_edited=&#8221;on|desktop&#8221; custom_css_main_element_tablet=&#8221;width: 80% !important;&#8221; custom_css_main_element_phone=&#8221; &#8220;][et_pb_cta title=&#8221;Pranzo &#038; Cena&#8221; button_url=&#8221;#&#8221; admin_label=&#8221;Cena&#8221; _builder_version=&#8221;4.24.2&#8243; _module_preset=&#8221;default&#8221; header_font=&#8221;|600|||||||&#8221; header_text_color=&#8221;#fff7ed&#8221; header_font_size=&#8221;46px&#8221; body_font=&#8221;||||||||&#8221; body_text_color=&#8221;#fff7ed&#8221; background_color=&#8221;RGBA(255,255,255,0)&#8221; custom_button=&#8221;on&#8221; button_text_size=&#8221;16px&#8221; button_text_color=&#8221;#fff7ed&#8221; button_bg_color=&#8221;RGBA(255,255,255,0)&#8221; button_border_color=&#8221;#fff7ed&#8221; button_border_radius=&#8221;50px&#8221; button_font=&#8221;Inter Tight|600|||||||&#8221; button_icon=&#8221;&#xf30b;||fa||900&#8243; button_custom_padding=&#8221;6px|24px|6px|24px|true|true&#8221; button_custom_padding_last_edited=&#8221;off|desktop&#8221; text_orientation=&#8221;left&#8221; custom_padding=&#8221;0px|0px|0px|0px|true|true&#8221; header_font_size_tablet=&#8221;40px&#8221; header_font_size_phone=&#8221;34px&#8221; header_font_size_last_edited=&#8221;on|phone&#8221; header_line_height_tablet=&#8221;1.1em&#8221; header_line_height_phone=&#8221;1.1em&#8221; header_line_height_last_edited=&#8221;on|tablet&#8221; body_font_size_tablet=&#8221;16px&#8221; body_font_size_phone=&#8221;16px&#8221; body_font_size_last_edited=&#8221;on|desktop&#8221; button_text_size_tablet=&#8221;14px&#8221; button_text_size_phone=&#8221;14px&#8221; button_text_size_last_edited=&#8221;on|tablet&#8221; custom_css_promo_title=&#8221;margin-bottom: 10px;&#8221; global_colors_info=&#8221;{}&#8221; button_custom_padding__hover_enabled=&#8221;on|hover&#8221; button_custom_padding__hover=&#8221;|36px||20px|false|false&#8221; button_text_color__hover_enabled=&#8221;on|hover&#8221; button_text_color__hover=&#8221;#00474c&#8221; button_bg_color__hover_enabled=&#8221;on|desktop&#8221; button_bg_color__hover=&#8221;#fff7ed&#8221; button_bg_enable_color__hover=&#8221;on&#8221;]<\/p>\n<h3 data-start=\"2032\" data-end=\"2098\" style=\"text-align: justify;\">Esperienze gastronomiche private per gruppi ed eventi esclusivi<\/h3>\n<p data-start=\"2100\" data-end=\"2210\" style=\"text-align: justify;\">Il <strong data-start=\"2103\" data-end=\"2122\">Restaurant 1906<\/strong> \u00e8 oggi uno spazio dedicato a esperienze culinarie private e su misura sul Lago di Bled.<\/p>\n<p data-start=\"2212\" data-end=\"2408\" style=\"text-align: justify;\">Al posto del tradizionale servizio \u00e0 la carte, creiamo pranzi e cene personalizzati \u2014 per gruppi, eventi aziendali, celebrazioni e societ\u00e0 private che cercano qualcosa di pi\u00f9 di un semplice pasto.<\/p>\n<p data-start=\"2410\" data-end=\"2457\" style=\"text-align: justify;\">Ogni incontro \u00e8 concepito come un evento unico.<\/p>\n<p data-start=\"2459\" data-end=\"2510\" style=\"text-align: justify;\">\ud83d\udce9 <a data-start=\"2462\" data-end=\"2486\" class=\"decorated-link cursor-pointer\" rel=\"noopener\" href=\"mailto:info@hoteltriglavbled.si\"><span style=\"color: #d2ab67;\"><strong>info@hoteltriglavbled.si<\/strong><\/span><span aria-hidden=\"true\" class=\"ms-0.5 inline-block align-middle leading-none\"><svg xmlns=\"http:\/\/www.w3.org\/2000\/svg\" width=\"20\" height=\"20\" aria-hidden=\"true\" data-rtl-flip=\"\" class=\"block h-[0.75em] w-[0.75em] stroke-current stroke-[0.75]\"><use href=\"\/cdn\/assets\/sprites-core-eri7ssmm.svg#304883\" fill=\"currentColor\"><\/use><\/svg><\/span><\/a><br data-start=\"2486\" data-end=\"2489\" \/>\ud83d\udcde +386 4 575 26 10<\/p>\n<p>[\/et_pb_cta][\/et_pb_column][et_pb_column type=&#8221;2_5&#8243; _builder_version=&#8221;4.21.0&#8243; _module_preset=&#8221;default&#8221; custom_padding=&#8221;|0px|||false|false&#8221; custom_padding_tablet=&#8221;|30px|||false|false&#8221; custom_padding_phone=&#8221;|0px|||false|false&#8221; custom_padding_last_edited=&#8221;off|desktop&#8221; custom_css_main_element=&#8221;margin: auto;&#8221; global_colors_info=&#8221;{}&#8221; custom_css_main_element_last_edited=&#8221;on|desktop&#8221; custom_css_main_element_tablet=&#8221; width: 20% !important;&#8221; custom_css_main_element_phone=&#8221; &#8220;][et_pb_image src=&#8221;https:\/\/www.hotel-triglav.eu\/wp-content\/uploads\/2024\/02\/HOTEL-TRIGLAV-BLED-Restavracija-vecerja-04.jpg&#8221; title_text=&#8221;HOTEL TRIGLAV BLED &#8211; Restavracija &#8211; vec\u030cerja&#8221; _builder_version=&#8221;4.24.0&#8243; _module_preset=&#8221;default&#8221; global_colors_info=&#8221;{}&#8221;][\/et_pb_image][\/et_pb_column][\/et_pb_row][\/et_pb_section][et_pb_section fb_built=&#8221;1&#8243; _builder_version=&#8221;4.27.5&#8243; _module_preset=&#8221;default&#8221; global_colors_info=&#8221;{}&#8221;][et_pb_row _builder_version=&#8221;4.27.5&#8243; _module_preset=&#8221;default&#8221; global_colors_info=&#8221;{}&#8221;][et_pb_column type=&#8221;4_4&#8243; _builder_version=&#8221;4.27.5&#8243; _module_preset=&#8221;default&#8221; global_colors_info=&#8221;{}&#8221;][et_pb_text _builder_version=&#8221;4.27.5&#8243; _module_preset=&#8221;default&#8221; global_colors_info=&#8221;{}&#8221;]<\/p>\n<h2 data-start=\"2517\" data-end=\"2571\">Riconoscimento Michelin &amp; oltre un secolo di storia<\/h2>\n<p data-start=\"2573\" data-end=\"2667\">La nostra filosofia culinaria \u00e8 stata premiata con il <strong><span style=\"color: #d2ab67;\"><a href=\"https:\/\/guide.michelin.com\/en\/upper-carniola\/bled\/restaurant\/restavracija-1906\" style=\"color: #d2ab67;\">riconoscimento Michelin (2022\u20132025).<\/a><\/span><\/strong><\/p>\n<p data-start=\"2669\" data-end=\"2871\">Traiamo ispirazione dal territorio del Lago di Bled e dalla storia centenaria dell\u2019hotel. Le ricette della bisnonna Ne\u017eka del 1906 vivono ancora oggi in una moderna interpretazione della cucina slovena.<\/p>\n<p data-start=\"2873\" data-end=\"2955\">Fine dining a Bled, basato su ingredienti locali, stagionalit\u00e0 e sapori autentici.<\/p>\n<hr data-start=\"2957\" data-end=\"2960\" \/>\n<h2 data-start=\"2962\" data-end=\"2982\">Menu degustazione<\/h2>\n<p data-start=\"2984\" data-end=\"3010\">\u00c8 possibile scegliere tra:<\/p>\n<p data-start=\"3012\" data-end=\"3068\">Menu di 4 portate<br data-start=\"3029\" data-end=\"3032\" \/>Percorso degustazione di 8 portate<\/p>\n<p data-start=\"3070\" data-end=\"3139\">Su richiesta, organizziamo anche esperienze gastronomiche pi\u00f9 estese.<\/p>\n<hr data-start=\"3141\" data-end=\"3144\" \/>\n<h2 data-start=\"3146\" data-end=\"3160\">Ideale per:<\/h2>\n<p data-start=\"3162\" data-end=\"3213\">\ud83c\udfdb Decisioni aziendali che richiedono discrezione<\/p>\n<p data-start=\"3215\" data-end=\"3275\">\ud83e\udd42 Celebrazioni che meritano pi\u00f9 di un semplice ristorante<\/p>\n<p data-start=\"3277\" data-end=\"3327\">\ud83c\udf0d Gruppi internazionali con aspettative elevate<\/p>\n<p data-start=\"3329\" data-end=\"3373\">\ud83e\udd1d Ospiti che desiderano lasciare il segno<\/p>\n<hr data-start=\"3375\" data-end=\"3378\" \/>\n<h2 data-start=\"3380\" data-end=\"3410\">Perch\u00e9 un concetto privato?<\/h2>\n<p data-start=\"3412\" data-end=\"3457\">Perch\u00e9 crediamo nella massima concentrazione:<\/p>\n<ul>\n<li data-start=\"3459\" data-end=\"3533\">nessun passaggio casuale di clienti<\/li>\n<li data-start=\"3459\" data-end=\"3533\">nessun rumore<\/li>\n<li data-start=\"3459\" data-end=\"3533\">nessun compromesso<\/li>\n<\/ul>\n<p data-start=\"3535\" data-end=\"3618\">Solo la vostra compagnia, alta cucina e una delle viste pi\u00f9 belle sul Lago di Bled.<\/p>\n<hr data-start=\"3620\" data-end=\"3623\" \/>\n<h2 data-start=\"3625\" data-end=\"3637\">Richieste<\/h2>\n<p data-start=\"3639\" data-end=\"3696\">Per prenotare un pranzo o una cena privata, contattateci:<\/p>\n<p data-start=\"3698\" data-end=\"3749\">\ud83d\udce9 <a data-start=\"3701\" data-end=\"3725\" class=\"decorated-link cursor-pointer\" rel=\"noopener\" href=\"mailto:info@hoteltriglavbled.si\"><strong>info@hoteltriglavbled.si<\/strong><span aria-hidden=\"true\" class=\"ms-0.5 inline-block align-middle leading-none\"><svg xmlns=\"http:\/\/www.w3.org\/2000\/svg\" width=\"20\" height=\"20\" aria-hidden=\"true\" data-rtl-flip=\"\" class=\"block h-[0.75em] w-[0.75em] stroke-current stroke-[0.75]\"><use href=\"\/cdn\/assets\/sprites-core-eri7ssmm.svg#304883\" fill=\"currentColor\"><\/use><\/svg><\/span><\/a><br data-start=\"3725\" data-end=\"3728\" \/>\ud83d\udcde <strong>+386 4 575 26 10<\/strong><\/p>\n<p>[\/et_pb_text][\/et_pb_column][\/et_pb_row][\/et_pb_section][et_pb_section fb_built=&#8221;1&#8243; custom_padding_last_edited=&#8221;on|tablet&#8221; _builder_version=&#8221;4.21.0&#8243; _module_preset=&#8221;default&#8221; background_color=&#8221;#fff7ed&#8221; custom_padding=&#8221;80px||100px||false|false&#8221; custom_padding_tablet=&#8221;60px||80px||false|false&#8221; custom_padding_phone=&#8221;60px||80px||false|false&#8221; locked=&#8221;off&#8221; global_colors_info=&#8221;{}&#8221;][et_pb_row use_custom_gutter=&#8221;on&#8221; gutter_width=&#8221;1&#8243; _builder_version=&#8221;4.24.0&#8243; _module_preset=&#8221;default&#8221; width=&#8221;100%&#8221; max_width=&#8221;1100px&#8221; max_width_tablet=&#8221;90%&#8221; max_width_phone=&#8221;90%&#8221; max_width_last_edited=&#8221;on|desktop&#8221; custom_padding=&#8221;0px||0px||true|false&#8221; custom_css_main_element=&#8221;display: flex;&#8221; locked=&#8221;off&#8221; global_colors_info=&#8221;{}&#8221; custom_css_main_element_last_edited=&#8221;on|desktop&#8221; custom_css_main_element_phone=&#8221;display: block;&#8221; custom_css_main_element_tablet=&#8221;display: flex;&#8221;][et_pb_column type=&#8221;4_4&#8243; _builder_version=&#8221;4.21.0&#8243; _module_preset=&#8221;default&#8221; custom_padding=&#8221;|0px|||false|false&#8221; custom_padding_tablet=&#8221;|30px|||false|false&#8221; custom_padding_phone=&#8221;|0px|||false|false&#8221; custom_padding_last_edited=&#8221;off|desktop&#8221; custom_css_main_element=&#8221;margin: auto;&#8221; global_colors_info=&#8221;{}&#8221; custom_css_main_element_last_edited=&#8221;on|desktop&#8221; custom_css_main_element_tablet=&#8221;width: 80% !important;&#8221; custom_css_main_element_phone=&#8221; &#8220;][dsm_masonry_gallery gallery_ids=&#8221;1087378,1087381,1087384,1087387,327489,1087390,1087393,327492,1087396,1087399,1087402,1087405,1087408,1087414,1087417,1087420,1087423&#8243; use_lightbox=&#8221;on&#8221; use_horizontal_order=&#8221;off&#8221; use_zoom_on_hover=&#8221;on&#8221; columns_tablet=&#8221;1&#8243; columns_phone=&#8221;1&#8243; columns_last_edited=&#8221;on|phone&#8221; admin_label=&#8221;Supreme Masonry Gallery&#8221; _builder_version=&#8221;4.24.2&#8243; _module_preset=&#8221;default&#8221; global_colors_info=&#8221;{}&#8221;][\/dsm_masonry_gallery][\/et_pb_column][\/et_pb_row][\/et_pb_section][et_pb_section fb_built=&#8221;1&#8243; custom_padding_last_edited=&#8221;off|desktop&#8221; _builder_version=&#8221;4.24.0&#8243; _module_preset=&#8221;default&#8221; background_color=&#8221;#225428&#8243; custom_padding=&#8221;0px||0px||true|false&#8221; custom_padding_tablet=&#8221;40px||40px||false|false&#8221; custom_padding_phone=&#8221;||50px||false|false&#8221; global_module=&#8221;1086128&#8243; locked=&#8221;off&#8221; global_colors_info=&#8221;{}&#8221;][et_pb_row column_structure=&#8221;2_5,3_5&#8243; use_custom_gutter=&#8221;on&#8221; gutter_width=&#8221;1&#8243; make_equal=&#8221;on&#8221; _builder_version=&#8221;4.24.0&#8243; _module_preset=&#8221;default&#8221; width=&#8221;100%&#8221; max_width=&#8221;100%&#8221; max_width_tablet=&#8221;100%&#8221; max_width_phone=&#8221;100%&#8221; max_width_last_edited=&#8221;on|tablet&#8221; custom_padding=&#8221;0px||0px||false|false&#8221; custom_css_main_element=&#8221;display: flex;&#8221; global_colors_info=&#8221;{}&#8221; custom_css_main_element_last_edited=&#8221;on|tablet&#8221; custom_css_main_element_phone=&#8221;display: block;&#8221; custom_css_main_element_tablet=&#8221;display: flex;&#8221;][et_pb_column type=&#8221;2_5&#8243; _builder_version=&#8221;4.24.0&#8243; _module_preset=&#8221;default&#8221; background_color=&#8221;#225428&#8243; custom_padding=&#8221;70px|60px|70px|60px|true|true&#8221; custom_padding_tablet=&#8221;40px|30px|40px|30px|true|false&#8221; custom_padding_phone=&#8221;50px|20px|40px|20px|false|true&#8221; custom_padding_last_edited=&#8221;on|desktop&#8221; global_colors_info=&#8221;{}&#8221; custom_css_main_element_last_edited=&#8221;on|phone&#8221; custom_css_main_element_phone=&#8221;width: 100% !Important;&#8221; custom_css_main_element_tablet=&#8221;width: 50% !important;&#8221;][et_pb_text admin_label=&#8221;Un ambiente piacevole, un comfort accogliente&#8221; _builder_version=&#8221;4.24.2&#8243; _module_preset=&#8221;default&#8221; header_2_font=&#8221;|700|||||||&#8221; header_2_text_align=&#8221;left&#8221; header_2_text_color=&#8221;#fff7ed&#8221; header_2_font_size=&#8221;36px&#8221; header_2_letter_spacing=&#8221;-0.5px&#8221; header_2_line_height=&#8221;1.1em&#8221; header_2_font_size_tablet=&#8221;32px&#8221; header_2_font_size_phone=&#8221;28px&#8221; header_2_font_size_last_edited=&#8221;on|phone&#8221; header_2_line_height_tablet=&#8221;1.1em&#8221; header_2_line_height_phone=&#8221;1.1em&#8221; header_2_line_height_last_edited=&#8221;on|desktop&#8221; locked=&#8221;off&#8221; global_colors_info=&#8221;{}&#8221;]<\/p>\n<h2>Un ambiente piacevole, un comfort accogliente<\/h2>\n<p>[\/et_pb_text][et_pb_button button_url=&#8221;https:\/\/maps.app.goo.gl\/58A2Pqr6c3oXGTrm7&#8243; url_new_window=&#8221;on&#8221; button_text=&#8221;Dove siamo&#8221; _builder_version=&#8221;4.24.2&#8243; _module_preset=&#8221;default&#8221; custom_button=&#8221;on&#8221; button_text_size=&#8221;16px&#8221; button_text_color=&#8221;#fff7ed&#8221; button_bg_color=&#8221;RGBA(255,255,255,0)&#8221; button_border_color=&#8221;#fff7ed&#8221; button_border_radius=&#8221;50px&#8221; button_font=&#8221;|600|||||||&#8221; button_icon=&#8221;&#xf30b;||fa||900&#8243; custom_margin=&#8221;20px||||false|false&#8221; custom_margin_tablet=&#8221;20px||||false|false&#8221; custom_margin_phone=&#8221;15px||||false|false&#8221; custom_margin_last_edited=&#8221;on|phone&#8221; custom_padding=&#8221;6px|24px|6px|24px|true|true&#8221; button_text_size_tablet=&#8221;14px&#8221; button_text_size_phone=&#8221;14px&#8221; button_text_size_last_edited=&#8221;on|phone&#8221; locked=&#8221;off&#8221; global_colors_info=&#8221;{}&#8221; transform_styles__hover_enabled=&#8221;off|desktop&#8221; box_shadow_horizontal__hover_enabled=&#8221;on|hover&#8221; box_shadow_horizontal__hover=&#8221;0px&#8221; box_shadow_vertical__hover_enabled=&#8221;on|hover&#8221; box_shadow_vertical__hover=&#8221;0px&#8221; button_bg_color__hover_enabled=&#8221;on|hover&#8221; button_bg_color__hover=&#8221;#fff7ed&#8221; button_bg_enable_color__hover=&#8221;on&#8221; button_text_color__hover_enabled=&#8221;on|desktop&#8221; button_text_color__hover=&#8221;#00474c&#8221; custom_padding__hover_enabled=&#8221;on|desktop&#8221; custom_padding__hover=&#8221;|36px||20px|true|false&#8221;][\/et_pb_button][et_pb_social_media_follow icon_color=&#8221;#FFFFFF&#8221; use_icon_font_size=&#8221;on&#8221; icon_font_size_tablet=&#8221;16px&#8221; icon_font_size_phone=&#8221;20px&#8221; icon_font_size_last_edited=&#8221;on|desktop&#8221; _builder_version=&#8221;4.24.2&#8243; _module_preset=&#8221;default&#8221; text_orientation=&#8221;left&#8221; custom_margin=&#8221;90px||||false|false&#8221; custom_margin_tablet=&#8221;60px||||false|false&#8221; custom_margin_phone=&#8221;30px||||false|false&#8221; custom_margin_last_edited=&#8221;on|desktop&#8221; text_orientation_tablet=&#8221;left&#8221; text_orientation_phone=&#8221;left&#8221; text_orientation_last_edited=&#8221;on|desktop&#8221; border_radii=&#8221;on|50px|50px|50px|50px&#8221; locked=&#8221;off&#8221; global_colors_info=&#8221;{}&#8221;][et_pb_social_media_follow_network social_network=&#8221;facebook&#8221; url=&#8221;https:\/\/www.facebook.com\/hoteltriglavbled&#8221; _builder_version=&#8221;4.24.2&#8243; _module_preset=&#8221;default&#8221; background_color=&#8221;#3b5998&#8243; global_colors_info=&#8221;{}&#8221; follow_button=&#8221;off&#8221; url_new_window=&#8221;on&#8221;]facebook[\/et_pb_social_media_follow_network][et_pb_social_media_follow_network social_network=&#8221;instagram&#8221; url=&#8221;https:\/\/www.instagram.com\/hoteltriglavbled1906\/&#8221; _builder_version=&#8221;4.24.2&#8243; _module_preset=&#8221;default&#8221; background_color=&#8221;#ea2c59&#8243; global_colors_info=&#8221;{}&#8221; follow_button=&#8221;off&#8221; url_new_window=&#8221;on&#8221;]instagram[\/et_pb_social_media_follow_network][et_pb_social_media_follow_network social_network=&#8221;youtube&#8221; url=&#8221;https:\/\/www.youtube.com\/@hoteltriglavbled1906&#8243; _builder_version=&#8221;4.24.2&#8243; _module_preset=&#8221;default&#8221; background_color=&#8221;#a82400&#8243; global_colors_info=&#8221;{}&#8221; follow_button=&#8221;off&#8221; url_new_window=&#8221;on&#8221;]youtube[\/et_pb_social_media_follow_network][et_pb_social_media_follow_network social_network=&#8221;linkedin&#8221; url=&#8221;https:\/\/www.linkedin.com\/in\/hotel-triglav-bled-65108095\/&#8221; _builder_version=&#8221;4.24.2&#8243; _module_preset=&#8221;default&#8221; background_color=&#8221;#007bb6&#8243; global_colors_info=&#8221;{}&#8221; follow_button=&#8221;off&#8221; url_new_window=&#8221;on&#8221;]linkedin[\/et_pb_social_media_follow_network][\/et_pb_social_media_follow][et_pb_text _builder_version=&#8221;4.24.2&#8243; _module_preset=&#8221;default&#8221; text_font=&#8221;||||||||&#8221; text_text_color=&#8221;#fff7ed&#8221; link_text_color=&#8221;#FFF7ED&#8221; custom_margin=&#8221;20px||||false|false&#8221; custom_margin_tablet=&#8221;20px||||false|false&#8221; custom_margin_phone=&#8221;20px||||false|false&#8221; custom_margin_last_edited=&#8221;on|desktop&#8221; text_font_size_tablet=&#8221;16px&#8221; text_font_size_phone=&#8221;16px&#8221; text_font_size_last_edited=&#8221;on|desktop&#8221; global_colors_info=&#8221;{}&#8221;]<\/p>\n<p><strong>Visitaci:<\/strong> Kolodvorska 33, SI-4260 Bled, Slovenia<\/p>\n<p><strong>Chiamaci:<\/strong> 00386 (0)4 575 26 10<\/p>\n<p><strong>Scrivici:<\/strong> <span>info@hoteltriglavbled.si<\/span><\/p>\n<p>[\/et_pb_text][\/et_pb_column][et_pb_column type=&#8221;3_5&#8243; _builder_version=&#8221;4.24.0&#8243; _module_preset=&#8221;default&#8221; background_image=&#8221;https:\/\/www.hotel-triglav.eu\/wp-content\/uploads\/2023\/11\/4-hotel-triglav-bld-1920-1280-events-and-meetings-naslovna.jpg&#8221; background_position=&#8221;center_right&#8221; custom_padding_tablet=&#8221;|||0px|false|false&#8221; custom_padding_phone=&#8221;90px||90px|0px|true|false&#8221; custom_padding_last_edited=&#8221;on|phone&#8221; background_last_edited=&#8221;off|desktop&#8221; background_position_tablet=&#8221;center_right&#8221; background_horizontal_offset_tablet=&#8221;18%&#8221; global_colors_info=&#8221;{}&#8221; custom_css_main_element_last_edited=&#8221;on|phone&#8221; custom_css_main_element_phone=&#8221;width: 100% !Important;&#8221; custom_css_main_element_tablet=&#8221;width: 50% !important;&#8221;][et_pb_divider show_divider=&#8221;off&#8221; _builder_version=&#8221;4.17.4&#8243; _module_preset=&#8221;default&#8221; global_colors_info=&#8221;{}&#8221;][\/et_pb_divider][et_pb_code _builder_version=&#8221;4.24.2&#8243; _module_preset=&#8221;default&#8221; global_colors_info=&#8221;{}&#8221;]<script type=\"text\/javascript\" src=\"https:\/\/static.cubilis.eu\/js\/ratebox.bundle.js\"><\/script><!-- [et_pb_line_break_holder] --><script type=\"text\/javascript\"><!-- [et_pb_line_break_holder] -->    var rb = new Ratebox({<!-- [et_pb_line_break_holder] -->      IBEUrl: 'hotel-triglav-bled-bled',<!-- [et_pb_line_break_holder] -->      key: '98BD46CA-D05D-40A9-B4D5-6BD628573D73',<!-- [et_pb_line_break_holder] -->      locale: 'it'<!-- [et_pb_line_break_holder] -->    });<!-- [et_pb_line_break_holder] --><\/script>[\/et_pb_code][\/et_pb_column][\/et_pb_row][\/et_pb_section]<\/p>\n","protected":false},"excerpt":{"rendered":"<p>Pranzo &amp; CenaEsperienze gastronomiche private per gruppi ed eventi esclusivi Il Restaurant 1906 \u00e8 oggi uno spazio dedicato a esperienze culinarie private e su misura sul Lago di Bled. Al posto del tradizionale servizio \u00e0 la carte, creiamo pranzi e cene personalizzati \u2014 per gruppi, eventi aziendali, celebrazioni e societ\u00e0 private che cercano qualcosa di pi\u00f9 di un semplice pasto. Ogni incontro \u00e8 concepito come un evento unico. \ud83d\udce9 info@hoteltriglavbled.si\ud83d\udcde +386 4 575 26 10Riconoscimento Michelin &amp; oltre un secolo di storia La nostra filosofia culinaria \u00e8 stata premiata con il riconoscimento Michelin (2022\u20132025). Traiamo ispirazione dal territorio del Lago di Bled e dalla storia centenaria dell\u2019hotel. Le ricette della bisnonna Ne\u017eka del 1906 vivono ancora oggi in una moderna interpretazione della cucina slovena. Fine dining a Bled, basato su ingredienti locali, stagionalit\u00e0 e sapori autentici. Menu degustazione \u00c8 possibile scegliere tra: Menu di 4 portatePercorso degustazione di 8 portate Su richiesta, organizziamo anche esperienze gastronomiche pi\u00f9 estese. Ideale per: \ud83c\udfdb Decisioni aziendali che richiedono discrezione \ud83e\udd42 Celebrazioni che meritano pi\u00f9 di un semplice ristorante \ud83c\udf0d Gruppi internazionali con aspettative elevate \ud83e\udd1d Ospiti che desiderano lasciare il segno Perch\u00e9 un concetto privato? Perch\u00e9 crediamo nella massima concentrazione: nessun passaggio casuale [&hellip;]<\/p>\n","protected":false},"author":1,"featured_media":1086164,"parent":1086147,"menu_order":3,"comment_status":"closed","ping_status":"closed","template":"","meta":{"_et_pb_use_builder":"on","_et_pb_old_content":"","_et_gb_content_width":"","footnotes":""},"class_list":["post-1086163","page","type-page","status-publish","has-post-thumbnail","hentry"],"aioseo_notices":[],"_links":{"self":[{"href":"https:\/\/www.hoteltriglavbled.si\/it\/wp-json\/wp\/v2\/pages\/1086163","targetHints":{"allow":["GET"]}}],"collection":[{"href":"https:\/\/www.hoteltriglavbled.si\/it\/wp-json\/wp\/v2\/pages"}],"about":[{"href":"https:\/\/www.hoteltriglavbled.si\/it\/wp-json\/wp\/v2\/types\/page"}],"author":[{"embeddable":true,"href":"https:\/\/www.hoteltriglavbled.si\/it\/wp-json\/wp\/v2\/users\/1"}],"replies":[{"embeddable":true,"href":"https:\/\/www.hoteltriglavbled.si\/it\/wp-json\/wp\/v2\/comments?post=1086163"}],"version-history":[{"count":22,"href":"https:\/\/www.hoteltriglavbled.si\/it\/wp-json\/wp\/v2\/pages\/1086163\/revisions"}],"predecessor-version":[{"id":1089624,"href":"https:\/\/www.hoteltriglavbled.si\/it\/wp-json\/wp\/v2\/pages\/1086163\/revisions\/1089624"}],"up":[{"embeddable":true,"href":"https:\/\/www.hoteltriglavbled.si\/it\/wp-json\/wp\/v2\/pages\/1086147"}],"wp:featuredmedia":[{"embeddable":true,"href":"https:\/\/www.hoteltriglavbled.si\/it\/wp-json\/wp\/v2\/media\/1086164"}],"wp:attachment":[{"href":"https:\/\/www.hoteltriglavbled.si\/it\/wp-json\/wp\/v2\/media?parent=1086163"}],"curies":[{"name":"wp","href":"https:\/\/api.w.org\/{rel}","templated":true}]}}