{"id":1086349,"date":"2024-02-28T08:59:36","date_gmt":"2024-02-28T07:59:36","guid":{"rendered":"https:\/\/www.hoteltriglavbled.si\/pravno-obvestilo\/"},"modified":"2024-03-15T13:38:40","modified_gmt":"2024-03-15T12:38:40","slug":"avviso-legale","status":"publish","type":"page","link":"https:\/\/www.hoteltriglavbled.si\/it\/avviso-legale\/","title":{"rendered":"Avviso legale"},"content":{"rendered":"<p>[et_pb_section fb_built=&#8221;1&#8243; custom_padding_last_edited=&#8221;on|phone&#8221; _builder_version=&#8221;4.24.0&#8243; _module_preset=&#8221;default&#8221; background_color=&#8221;#fff7ed&#8221; custom_padding=&#8221;50px||50px||true|false&#8221; custom_padding_tablet=&#8221;50px||50px||true|false&#8221; custom_padding_phone=&#8221;50px||50px||true|false&#8221; locked=&#8221;off&#8221; global_colors_info=&#8221;{}&#8221;][et_pb_row use_custom_gutter=&#8221;on&#8221; gutter_width=&#8221;1&#8243; _builder_version=&#8221;4.21.0&#8243; _module_preset=&#8221;default&#8221; width=&#8221;100%&#8221; max_width=&#8221;1100px&#8221; max_width_tablet=&#8221;90%&#8221; max_width_phone=&#8221;90%&#8221; max_width_last_edited=&#8221;on|desktop&#8221; custom_padding=&#8221;0px||0px||true|false&#8221; custom_css_main_element=&#8221;display: flex;&#8221; locked=&#8221;off&#8221; global_colors_info=&#8221;{}&#8221; custom_css_main_element_last_edited=&#8221;on|desktop&#8221; custom_css_main_element_phone=&#8221;display: block;&#8221; custom_css_main_element_tablet=&#8221;display: flex;&#8221;][et_pb_column type=&#8221;4_4&#8243; _builder_version=&#8221;4.21.0&#8243; _module_preset=&#8221;default&#8221; custom_padding=&#8221;|0px|||false|false&#8221; custom_padding_tablet=&#8221;|30px|||false|false&#8221; custom_padding_phone=&#8221;|0px|||false|false&#8221; custom_padding_last_edited=&#8221;off|desktop&#8221; custom_css_main_element=&#8221;margin: auto;&#8221; global_colors_info=&#8221;{}&#8221; custom_css_main_element_last_edited=&#8221;on|desktop&#8221; custom_css_main_element_tablet=&#8221;width: 80% !important;&#8221; custom_css_main_element_phone=&#8221; &#8220;][et_pb_text admin_label=&#8221;Avviso legale&#8221; _builder_version=&#8221;4.24.2&#8243; _module_preset=&#8221;default&#8221; text_font=&#8221;|600|||||||&#8221; text_text_color=&#8221;#225428&#8243; text_font_size=&#8221;18px&#8221; header_text_color=&#8221;#225428&#8243; header_2_font=&#8221;|700|||||||&#8221; header_2_text_align=&#8221;left&#8221; header_2_text_color=&#8221;#225428&#8243; header_2_font_size=&#8221;36px&#8221; header_2_letter_spacing=&#8221;-0.5px&#8221; header_2_line_height=&#8221;1.1em&#8221; text_font_size_tablet=&#8221;18px&#8221; text_font_size_phone=&#8221;18px&#8221; text_font_size_last_edited=&#8221;on|desktop&#8221; header_2_font_size_tablet=&#8221;32px&#8221; header_2_font_size_phone=&#8221;28px&#8221; header_2_font_size_last_edited=&#8221;on|phone&#8221; header_2_line_height_tablet=&#8221;1.1em&#8221; header_2_line_height_phone=&#8221;1.1em&#8221; header_2_line_height_last_edited=&#8221;on|desktop&#8221; global_colors_info=&#8221;{}&#8221;]<\/p>\n<h2>Avviso legale<\/h2>\n<p>[\/et_pb_text][\/et_pb_column][\/et_pb_row][et_pb_row _builder_version=&#8221;4.24.0&#8243; _module_preset=&#8221;default&#8221; global_colors_info=&#8221;{}&#8221;][et_pb_column type=&#8221;4_4&#8243; _builder_version=&#8221;4.24.0&#8243; _module_preset=&#8221;default&#8221; global_colors_info=&#8221;{}&#8221;][et_pb_text _builder_version=&#8221;4.24.2&#8243; _module_preset=&#8221;default&#8221; link_font=&#8221;||||on|||#225428|&#8221; link_text_color=&#8221;#225428&#8243; hover_enabled=&#8221;0&#8243; link_font_tablet=&#8221;||||on|||#225428|&#8221; link_font_phone=&#8221;||||on|||#225428|&#8221; link_font_last_edited=&#8221;on|desktop&#8221; global_colors_info=&#8221;{}&#8221; sticky_enabled=&#8221;0&#8243;]<\/p>\n<p><strong>Editore, fornitore e operatore<\/strong><br \/>HOTEL TRIGLAV BLED d.o.o.<br \/>Kolodvorska 33<br \/>SI-4260 Bled |Slovenia<br \/>+386 4 575 26 10<br \/><a href=\"mailto:info@hoteltriglavbled.si\">info@hoteltriglavbled.si<\/a><\/p>\n<p><strong>Concezione, progettazione e realizzazione di un sito web<\/strong><\/p>\n<p>FUTURO &#8211; INITIO d.o.o.<br \/>Brn\u010di\u010deva ulica 13<br \/>1231 Lubiana \u2013 \u010crnu\u010de<br \/><a href=\"https:\/\/www.futuro.si\/\">www.futuro.si<\/a><br \/><a href=\"mailto:matej@futuro.si\">matej@futuro.si<\/a><br \/>+386 40 351 766<\/p>\n<p><strong>Foto:<\/strong><br \/>L&#8217;Hotel Triglav detiene i diritti di distribuzione di tutto il materiale fotografico e video presente sul sito. Gli autori delle foto sono: Imre Krenn, Matej Mi\u0161i\u010d, Jo\u0161t Gantar, Domen Bizjak, Alexandra Botvinovsakya, Tatsiana Navitskaya, Nejc Pernek, Borut \u017digon, Elliot Chau, Ricardo Braz, Georgia Fowkes, Matic Lipar, Krasi Gregson, Victoria Kokka, Glenn Huizinga, Vincent Tung, Boris Pretnar.<\/p>\n<p><strong>Termini di utilizzo<\/strong><br \/>I contenuti di questo sito web sono di libero utilizzo e sono solo a scopo informativo. L&#8217;ulteriore approccio tra fornitori e utenti e l&#8217;eventuale successiva conclusione di contratti tra fornitori e utenti sono esclusivamente a discrezione degli utenti.<\/p>\n<p><strong>Copyright\/disclaimer<\/strong><br \/>A causa delle caratteristiche tecniche di Internet non \u00e8 possibile fornire alcuna garanzia per l&#8217;affidabilit\u00e0, l&#8217;accuratezza e la completezza delle informazioni disponibili su Internet. Non viene fornita alcuna garanzia per la disponibilit\u00e0 o la funzionalit\u00e0 del sito Web in questione e del suo contenuto.<br \/>Qualsiasi responsabilit\u00e0 per danni diretti, indiretti o di altro tipo, indipendentemente dalle loro cause, derivanti dall&#8217;uso o dall&#8217;indisponibilit\u00e0 di dati e informazioni su questo sito web, \u00e8 esclusa nella misura consentita dalla legge.<\/p>\n<p>Il contenuto di questa pagina \u00e8 protetto da copyright. Le informazioni sono solo per uso personale. \u00c8 vietato qualsiasi ulteriore utilizzo, in particolare l&#8217;archiviazione in banche dati, la duplicazione e qualsiasi forma di utilizzo commerciale, nonch\u00e9 la cessione a terzi \u2013 anche parziale o in forma modificata \u2013 senza il consenso del titolare del sito.<\/p>\n<p>I collegamenti ipertestuali a questo sito sono benvenuti.<\/p>\n<p><strong>Informativa sulla privacy<\/strong><br \/>Se sulle nostre pagine vengono raccolti dati personali (come nome, indirizzo o indirizzi e-mail), ci\u00f2 avviene per quanto possibile su base volontaria. L&#8217;utilizzo delle offerte e dei servizi \u00e8, per quanto possibile, sempre possibile senza la trasmissione di dati personali.<\/p>\n<p>\u00c8 espressamente escluso l&#8217;utilizzo dei dati di contatto pubblicati da soggetti terzi per l&#8217;invio di materiale pubblicitario e informativo non richiesto. Gli operatori del sito si riservano espressamente il diritto di intraprendere azioni legali in caso di invio non richiesto di informazioni pubblicitarie, come e-mail di spam.<\/p>\n<p><strong>Responsabilit\u00e0 per i collegamenti<\/strong><br \/>Questo blog contiene collegamenti a siti web esterni di terzi, sul cui contenuto non abbiamo alcuna influenza. Pertanto non possiamo assumerci alcuna responsabilit\u00e0 per questi contenuti esterni. Per il contenuto delle pagine collegate \u00e8 sempre responsabile il fornitore o il gestore della pagina. Al momento del collegamento le pagine collegate sono state controllate per eventuali violazioni legali. Il contenuto illegale non \u00e8 stato riconosciuto al momento della connessione. Tuttavia, un monitoraggio costante del contenuto delle pagine collegate non \u00e8 opportuno senza prove concrete di una violazione della legge. In caso di violazioni legali, rimuoveremo immediatamente tali collegamenti.<\/p>\n<p><strong>Google Analytics<\/strong><br \/>Questo sito web utilizza Google Analytics, un servizio di analisi web fornito da Google Inc. (Google). Google Analytics utilizza i cosiddetti cookie, file di testo che vengono memorizzati sul vostro computer e che consentono l&#8217;analisi del vostro utilizzo del sito web. Le informazioni generate dal cookie sull&#8217;utilizzo di questo sito web vengono solitamente inviate a un server di Google negli Stati Uniti e ivi memorizzate.<\/p>\n<p>Tuttavia, se su questo sito web \u00e8 attivata l&#8217;anonimizzazione dell&#8217;IP, il vostro indirizzo IP verr\u00e0 abbreviato da Google negli stati membri dell&#8217;Unione Europea o in altri stati contraenti dell&#8217;accordo sullo Spazio Economico Europeo. Solo eccezionalmente l&#8217;indirizzo IP completo verr\u00e0 inviato a un server di Google negli Stati Uniti e l\u00ec abbreviato. Su questo sito \u00e8 attiva l&#8217;anonimizzazione IP. Per conto dell&#8217;operatore di questo sito web, Google utilizzer\u00e0 questi dati per valutare l&#8217;utilizzo del sito web, compilare report sulle attivit\u00e0 del sito web e fornire altri servizi relativi alle attivit\u00e0 del sito web e all&#8217;utilizzo di Internet.<\/p>\n<p>Questo sito utilizza tecnologie di retargeting per rendere il tuo sito pi\u00f9 interessante. Questa tecnologia consente agli utenti Internet che sono gi\u00e0 interessati ai nostri prodotti e servizi di accedere ai siti web dei nostri partner.<\/p>\n<p>[\/et_pb_text][\/et_pb_column][\/et_pb_row][\/et_pb_section][et_pb_section fb_built=&#8221;1&#8243; custom_padding_last_edited=&#8221;off|desktop&#8221; _builder_version=&#8221;4.24.0&#8243; _module_preset=&#8221;default&#8221; background_color=&#8221;#225428&#8243; custom_padding=&#8221;0px||0px||true|false&#8221; custom_padding_tablet=&#8221;40px||40px||false|false&#8221; custom_padding_phone=&#8221;||50px||false|false&#8221; global_module=&#8221;1086128&#8243; locked=&#8221;off&#8221; global_colors_info=&#8221;{}&#8221;][et_pb_row column_structure=&#8221;2_5,3_5&#8243; use_custom_gutter=&#8221;on&#8221; gutter_width=&#8221;1&#8243; make_equal=&#8221;on&#8221; _builder_version=&#8221;4.24.0&#8243; _module_preset=&#8221;default&#8221; width=&#8221;100%&#8221; max_width=&#8221;100%&#8221; max_width_tablet=&#8221;100%&#8221; max_width_phone=&#8221;100%&#8221; max_width_last_edited=&#8221;on|tablet&#8221; custom_padding=&#8221;0px||0px||false|false&#8221; custom_css_main_element=&#8221;display: flex;&#8221; global_colors_info=&#8221;{}&#8221; custom_css_main_element_last_edited=&#8221;on|tablet&#8221; custom_css_main_element_phone=&#8221;display: block;&#8221; custom_css_main_element_tablet=&#8221;display: flex;&#8221;][et_pb_column type=&#8221;2_5&#8243; _builder_version=&#8221;4.24.0&#8243; _module_preset=&#8221;default&#8221; background_color=&#8221;#225428&#8243; custom_padding=&#8221;70px|60px|70px|60px|true|true&#8221; custom_padding_tablet=&#8221;40px|30px|40px|30px|true|false&#8221; custom_padding_phone=&#8221;50px|20px|40px|20px|false|true&#8221; custom_padding_last_edited=&#8221;on|desktop&#8221; global_colors_info=&#8221;{}&#8221; custom_css_main_element_last_edited=&#8221;on|phone&#8221; custom_css_main_element_phone=&#8221;width: 100% !Important;&#8221; custom_css_main_element_tablet=&#8221;width: 50% !important;&#8221;][et_pb_text admin_label=&#8221;Un ambiente piacevole, un comfort accogliente&#8221; _builder_version=&#8221;4.24.2&#8243; _module_preset=&#8221;default&#8221; header_2_font=&#8221;|700|||||||&#8221; header_2_text_align=&#8221;left&#8221; header_2_text_color=&#8221;#fff7ed&#8221; header_2_font_size=&#8221;36px&#8221; header_2_letter_spacing=&#8221;-0.5px&#8221; header_2_line_height=&#8221;1.1em&#8221; header_2_font_size_tablet=&#8221;32px&#8221; header_2_font_size_phone=&#8221;28px&#8221; header_2_font_size_last_edited=&#8221;on|phone&#8221; header_2_line_height_tablet=&#8221;1.1em&#8221; header_2_line_height_phone=&#8221;1.1em&#8221; header_2_line_height_last_edited=&#8221;on|desktop&#8221; locked=&#8221;off&#8221; global_colors_info=&#8221;{}&#8221;]<\/p>\n<h2>Un ambiente piacevole, un comfort accogliente<\/h2>\n<p>[\/et_pb_text][et_pb_button button_url=&#8221;https:\/\/maps.app.goo.gl\/58A2Pqr6c3oXGTrm7&#8243; url_new_window=&#8221;on&#8221; button_text=&#8221;Dove siamo&#8221; _builder_version=&#8221;4.24.2&#8243; _module_preset=&#8221;default&#8221; custom_button=&#8221;on&#8221; button_text_size=&#8221;16px&#8221; button_text_color=&#8221;#fff7ed&#8221; button_bg_color=&#8221;RGBA(255,255,255,0)&#8221; button_border_color=&#8221;#fff7ed&#8221; button_border_radius=&#8221;50px&#8221; button_font=&#8221;|600|||||||&#8221; button_icon=&#8221;&#xf30b;||fa||900&#8243; custom_margin=&#8221;20px||||false|false&#8221; custom_margin_tablet=&#8221;20px||||false|false&#8221; custom_margin_phone=&#8221;15px||||false|false&#8221; custom_margin_last_edited=&#8221;on|phone&#8221; custom_padding=&#8221;6px|24px|6px|24px|true|true&#8221; button_text_size_tablet=&#8221;14px&#8221; button_text_size_phone=&#8221;14px&#8221; button_text_size_last_edited=&#8221;on|phone&#8221; locked=&#8221;off&#8221; global_colors_info=&#8221;{}&#8221; transform_styles__hover_enabled=&#8221;off|desktop&#8221; box_shadow_horizontal__hover_enabled=&#8221;on|hover&#8221; box_shadow_horizontal__hover=&#8221;0px&#8221; box_shadow_vertical__hover_enabled=&#8221;on|hover&#8221; box_shadow_vertical__hover=&#8221;0px&#8221; button_bg_color__hover_enabled=&#8221;on|hover&#8221; button_bg_color__hover=&#8221;#fff7ed&#8221; button_bg_enable_color__hover=&#8221;on&#8221; button_text_color__hover_enabled=&#8221;on|desktop&#8221; button_text_color__hover=&#8221;#00474c&#8221; custom_padding__hover_enabled=&#8221;on|desktop&#8221; custom_padding__hover=&#8221;|36px||20px|true|false&#8221;][\/et_pb_button][et_pb_social_media_follow icon_color=&#8221;#FFFFFF&#8221; use_icon_font_size=&#8221;on&#8221; icon_font_size_tablet=&#8221;16px&#8221; icon_font_size_phone=&#8221;20px&#8221; icon_font_size_last_edited=&#8221;on|desktop&#8221; _builder_version=&#8221;4.24.2&#8243; _module_preset=&#8221;default&#8221; text_orientation=&#8221;left&#8221; custom_margin=&#8221;90px||||false|false&#8221; custom_margin_tablet=&#8221;60px||||false|false&#8221; custom_margin_phone=&#8221;30px||||false|false&#8221; custom_margin_last_edited=&#8221;on|desktop&#8221; text_orientation_tablet=&#8221;left&#8221; text_orientation_phone=&#8221;left&#8221; text_orientation_last_edited=&#8221;on|desktop&#8221; border_radii=&#8221;on|50px|50px|50px|50px&#8221; locked=&#8221;off&#8221; global_colors_info=&#8221;{}&#8221;][et_pb_social_media_follow_network social_network=&#8221;facebook&#8221; url=&#8221;https:\/\/www.facebook.com\/hoteltriglavbled&#8221; _builder_version=&#8221;4.24.2&#8243; _module_preset=&#8221;default&#8221; background_color=&#8221;#3b5998&#8243; global_colors_info=&#8221;{}&#8221; follow_button=&#8221;off&#8221; url_new_window=&#8221;on&#8221;]facebook[\/et_pb_social_media_follow_network][et_pb_social_media_follow_network social_network=&#8221;instagram&#8221; url=&#8221;https:\/\/www.instagram.com\/hoteltriglavbled1906\/&#8221; _builder_version=&#8221;4.24.2&#8243; _module_preset=&#8221;default&#8221; background_color=&#8221;#ea2c59&#8243; global_colors_info=&#8221;{}&#8221; follow_button=&#8221;off&#8221; url_new_window=&#8221;on&#8221;]instagram[\/et_pb_social_media_follow_network][et_pb_social_media_follow_network social_network=&#8221;youtube&#8221; url=&#8221;https:\/\/www.youtube.com\/@hoteltriglavbled1906&#8243; _builder_version=&#8221;4.24.2&#8243; _module_preset=&#8221;default&#8221; background_color=&#8221;#a82400&#8243; global_colors_info=&#8221;{}&#8221; follow_button=&#8221;off&#8221; url_new_window=&#8221;on&#8221;]youtube[\/et_pb_social_media_follow_network][et_pb_social_media_follow_network social_network=&#8221;linkedin&#8221; url=&#8221;https:\/\/www.linkedin.com\/in\/hotel-triglav-bled-65108095\/&#8221; _builder_version=&#8221;4.24.2&#8243; _module_preset=&#8221;default&#8221; background_color=&#8221;#007bb6&#8243; global_colors_info=&#8221;{}&#8221; follow_button=&#8221;off&#8221; url_new_window=&#8221;on&#8221;]linkedin[\/et_pb_social_media_follow_network][\/et_pb_social_media_follow][et_pb_text _builder_version=&#8221;4.24.2&#8243; _module_preset=&#8221;default&#8221; text_font=&#8221;||||||||&#8221; text_text_color=&#8221;#fff7ed&#8221; link_text_color=&#8221;#FFF7ED&#8221; custom_margin=&#8221;20px||||false|false&#8221; custom_margin_tablet=&#8221;20px||||false|false&#8221; custom_margin_phone=&#8221;20px||||false|false&#8221; custom_margin_last_edited=&#8221;on|desktop&#8221; text_font_size_tablet=&#8221;16px&#8221; text_font_size_phone=&#8221;16px&#8221; text_font_size_last_edited=&#8221;on|desktop&#8221; global_colors_info=&#8221;{}&#8221;]<\/p>\n<p><strong>Visitaci:<\/strong> Kolodvorska 33, SI-4260 Bled, Slovenia<\/p>\n<p><strong>Chiamaci:<\/strong> 00386 (0)4 575 26 10<\/p>\n<p><strong>Scrivici:<\/strong> <span>info@hoteltriglavbled.si<\/span><\/p>\n<p>[\/et_pb_text][\/et_pb_column][et_pb_column type=&#8221;3_5&#8243; _builder_version=&#8221;4.24.0&#8243; _module_preset=&#8221;default&#8221; background_image=&#8221;https:\/\/www.hotel-triglav.eu\/wp-content\/uploads\/2023\/11\/4-hotel-triglav-bld-1920-1280-events-and-meetings-naslovna.jpg&#8221; background_position=&#8221;center_right&#8221; custom_padding_tablet=&#8221;|||0px|false|false&#8221; custom_padding_phone=&#8221;90px||90px|0px|true|false&#8221; custom_padding_last_edited=&#8221;on|phone&#8221; background_last_edited=&#8221;off|desktop&#8221; background_position_tablet=&#8221;center_right&#8221; background_horizontal_offset_tablet=&#8221;18%&#8221; global_colors_info=&#8221;{}&#8221; custom_css_main_element_last_edited=&#8221;on|phone&#8221; custom_css_main_element_phone=&#8221;width: 100% !Important;&#8221; custom_css_main_element_tablet=&#8221;width: 50% !important;&#8221;][et_pb_divider show_divider=&#8221;off&#8221; _builder_version=&#8221;4.17.4&#8243; _module_preset=&#8221;default&#8221; global_colors_info=&#8221;{}&#8221;][\/et_pb_divider][et_pb_code _builder_version=&#8221;4.24.2&#8243; _module_preset=&#8221;default&#8221; global_colors_info=&#8221;{}&#8221;]<script type=\"text\/javascript\" src=\"https:\/\/static.cubilis.eu\/js\/ratebox.bundle.js\"><\/script><!-- [et_pb_line_break_holder] --><script type=\"text\/javascript\"><!-- [et_pb_line_break_holder] -->    var rb = new Ratebox({<!-- [et_pb_line_break_holder] -->      IBEUrl: 'hotel-triglav-bled-bled',<!-- [et_pb_line_break_holder] -->      key: '98BD46CA-D05D-40A9-B4D5-6BD628573D73',<!-- [et_pb_line_break_holder] -->      locale: 'it'<!-- [et_pb_line_break_holder] -->    });<!-- [et_pb_line_break_holder] --><\/script>[\/et_pb_code][\/et_pb_column][\/et_pb_row][\/et_pb_section]<\/p>\n","protected":false},"excerpt":{"rendered":"<p>Avviso legaleEditore, fornitore e operatoreHOTEL TRIGLAV BLED d.o.o.Kolodvorska 33SI-4260 Bled |Slovenia+386 4 575 26 10info@hoteltriglavbled.si Concezione, progettazione e realizzazione di un sito web FUTURO &#8211; INITIO d.o.o.Brn\u010di\u010deva ulica 131231 Lubiana \u2013 \u010crnu\u010dewww.futuro.simatej@futuro.si+386 40 351 766 Foto:L&#8217;Hotel Triglav detiene i diritti di distribuzione di tutto il materiale fotografico e video presente sul sito. Gli autori delle foto sono: Imre Krenn, Matej Mi\u0161i\u010d, Jo\u0161t Gantar, Domen Bizjak, Alexandra Botvinovsakya, Tatsiana Navitskaya, Nejc Pernek, Borut \u017digon, Elliot Chau, Ricardo Braz, Georgia Fowkes, Matic Lipar, Krasi Gregson, Victoria Kokka, Glenn Huizinga, Vincent Tung, Boris Pretnar. Termini di utilizzoI contenuti di questo sito web sono di libero utilizzo e sono solo a scopo informativo. L&#8217;ulteriore approccio tra fornitori e utenti e l&#8217;eventuale successiva conclusione di contratti tra fornitori e utenti sono esclusivamente a discrezione degli utenti. Copyright\/disclaimerA causa delle caratteristiche tecniche di Internet non \u00e8 possibile fornire alcuna garanzia per l&#8217;affidabilit\u00e0, l&#8217;accuratezza e la completezza delle informazioni disponibili su Internet. Non viene fornita alcuna garanzia per la disponibilit\u00e0 o la funzionalit\u00e0 del sito Web in questione e del suo contenuto.Qualsiasi responsabilit\u00e0 per danni diretti, indiretti o di altro tipo, indipendentemente dalle loro cause, derivanti dall&#8217;uso o dall&#8217;indisponibilit\u00e0 di dati e informazioni su questo sito web, [&hellip;]<\/p>\n","protected":false},"author":1,"featured_media":1086175,"parent":0,"menu_order":10,"comment_status":"closed","ping_status":"closed","template":"","meta":{"_et_pb_use_builder":"on","_et_pb_old_content":"","_et_gb_content_width":"","footnotes":""},"class_list":["post-1086349","page","type-page","status-publish","has-post-thumbnail","hentry"],"aioseo_notices":[],"_links":{"self":[{"href":"https:\/\/www.hoteltriglavbled.si\/it\/wp-json\/wp\/v2\/pages\/1086349","targetHints":{"allow":["GET"]}}],"collection":[{"href":"https:\/\/www.hoteltriglavbled.si\/it\/wp-json\/wp\/v2\/pages"}],"about":[{"href":"https:\/\/www.hoteltriglavbled.si\/it\/wp-json\/wp\/v2\/types\/page"}],"author":[{"embeddable":true,"href":"https:\/\/www.hoteltriglavbled.si\/it\/wp-json\/wp\/v2\/users\/1"}],"replies":[{"embeddable":true,"href":"https:\/\/www.hoteltriglavbled.si\/it\/wp-json\/wp\/v2\/comments?post=1086349"}],"version-history":[{"count":3,"href":"https:\/\/www.hoteltriglavbled.si\/it\/wp-json\/wp\/v2\/pages\/1086349\/revisions"}],"predecessor-version":[{"id":1086353,"href":"https:\/\/www.hoteltriglavbled.si\/it\/wp-json\/wp\/v2\/pages\/1086349\/revisions\/1086353"}],"wp:featuredmedia":[{"embeddable":true,"href":"https:\/\/www.hoteltriglavbled.si\/it\/wp-json\/wp\/v2\/media\/1086175"}],"wp:attachment":[{"href":"https:\/\/www.hoteltriglavbled.si\/it\/wp-json\/wp\/v2\/media?parent=1086349"}],"curies":[{"name":"wp","href":"https:\/\/api.w.org\/{rel}","templated":true}]}}